{"id":989,"date":"2022-06-27T06:31:57","date_gmt":"2022-06-27T06:31:57","guid":{"rendered":"https:\/\/www.shangrilavoyages.com\/es\/?page_id=989"},"modified":"2024-05-06T15:51:09","modified_gmt":"2024-05-06T10:06:09","slug":"que-hacer-y-que-no-hacer-en-tibet","status":"publish","type":"page","link":"https:\/\/www.shangrilavoyages.com\/es\/que-hacer-y-que-no-hacer-en-tibet\/","title":{"rendered":"\u00bfQu\u00e9 hacer y qu\u00e9 no hacer en Tibet?"},"content":{"rendered":"<ul>\n<li>No tom\u00e9is fotos de la gente local sin su permiso.<\/li>\n<li>No tom\u00e9is fotos dentro de los monasterios del T\u00edbet.<\/li>\n<li>No tom\u00e9is fotograf\u00edas con yaks y mastines tibetanos por iniciativa propia.<\/li>\n<li>Quitaros el sombrero o gorra y las gafas de sol al acceder a un monasterio.<\/li>\n<li>No toqu\u00e9is las escrituras y las estatuas de Buda dentro de los monasterios.<\/li>\n<li>No vist\u00e1is una falda demasiado corta o pantalones cortos cuando visit\u00e9is los monasterios del T\u00edbet.<\/li>\n<li>No toqu\u00e9is ni destruy\u00e1is la pila de piedras &#8220;mani&#8221; construidas anteriormente por otras personas.<\/li>\n<li>No toqu\u00e9is la cabeza de un tibetano.<\/li>\n<li>No os acerqu\u00e9is ni ahuyent\u00e9is a los animales.<\/li>\n<\/ul>\n","protected":false},"excerpt":{"rendered":"<p>No tom\u00e9is fotos de la gente local sin su permiso. No tom\u00e9is fotos dentro de los monasterios del T\u00edbet. No tom\u00e9is fotograf\u00edas con yaks y mastines tibetanos por iniciativa propia. Quitaros el sombrero o gorra y las gafas de sol al acceder a un monasterio. No toqu\u00e9is las escrituras y las estatuas de Buda dentro [&hellip;]<\/p>\n","protected":false},"author":1,"featured_media":0,"parent":0,"menu_order":0,"comment_status":"closed","ping_status":"closed","template":"","meta":{"footnotes":""},"class_list":["post-989","page","type-page","status-publish","hentry"],"_links":{"self":[{"href":"https:\/\/www.shangrilavoyages.com\/es\/wp-json\/wp\/v2\/pages\/989","targetHints":{"allow":["GET"]}}],"collection":[{"href":"https:\/\/www.shangrilavoyages.com\/es\/wp-json\/wp\/v2\/pages"}],"about":[{"href":"https:\/\/www.shangrilavoyages.com\/es\/wp-json\/wp\/v2\/types\/page"}],"author":[{"embeddable":true,"href":"https:\/\/www.shangrilavoyages.com\/es\/wp-json\/wp\/v2\/users\/1"}],"replies":[{"embeddable":true,"href":"https:\/\/www.shangrilavoyages.com\/es\/wp-json\/wp\/v2\/comments?post=989"}],"version-history":[{"count":5,"href":"https:\/\/www.shangrilavoyages.com\/es\/wp-json\/wp\/v2\/pages\/989\/revisions"}],"predecessor-version":[{"id":2467,"href":"https:\/\/www.shangrilavoyages.com\/es\/wp-json\/wp\/v2\/pages\/989\/revisions\/2467"}],"wp:attachment":[{"href":"https:\/\/www.shangrilavoyages.com\/es\/wp-json\/wp\/v2\/media?parent=989"}],"curies":[{"name":"wp","href":"https:\/\/api.w.org\/{rel}","templated":true}]}}