{"id":497,"date":"2022-05-30T08:29:44","date_gmt":"2022-05-30T08:29:44","guid":{"rendered":"https:\/\/www.shangrilavoyages.com\/?page_id=497"},"modified":"2024-01-19T15:20:12","modified_gmt":"2024-01-19T09:35:12","slug":"trekking-permit-fee","status":"publish","type":"page","link":"https:\/\/www.shangrilavoyages.com\/es\/trekking-permit-fee\/","title":{"rendered":"Permiso de trekking \/ Entradas"},"content":{"rendered":"<p><strong>A) Permiso de Trekking<br \/>\n<\/strong>Un permiso de <em>trekking<\/em> es obligatorio para visitar las \u00e1reas restringidas que se mencionan a continuaci\u00f3n. Para visitar las \u00e1reas normales de <em>trekking<\/em>\u00a0no se requiere permiso.<\/p>\n<p><strong>B) \u00c1reas restringidas que se han abierto para caminatas en grupo.<\/strong><br \/>\nLas siguientes \u00e1reas restringidas est\u00e1n abiertas solo para excursionistas en grupo. Y no se emitir\u00e1 un permiso de <em>trekking<\/em> a excursionistas individuales para tales \u00e1reas. Las \u00e1reas y tarifas requeridas son las siguientes:<\/p>\n<table width=\"558\" cellspacing=\"1\" cellpadding=\"3\">\n<tbody>\n<tr valign=\"top\">\n<td style=\"text-align: center;\" width=\"29\" height=\"14\"><strong>S.N.<\/strong><\/td>\n<td style=\"text-align: center;\" width=\"194\"><strong>Area<\/strong><\/td>\n<td style=\"text-align: center;\" width=\"310\"><strong>Costo (per persona)<\/strong><\/td>\n<\/tr>\n<tr valign=\"top\">\n<td rowspan=\"6\" width=\"29\" height=\"16\">1<\/td>\n<td width=\"194\">i) El Distrito Dolpa<\/td>\n<td rowspan=\"3\" width=\"310\">Por semana por persona 10$ USA o lo equivalente en moneda extranjera convertible.<br \/>\nPara los primeros 10 d\u00edas por persona 500 $ USA y, despu\u00e9s de 10 d\u00edas, 50 $ USA por\u00a0 persona y d\u00eda.<\/td>\n<\/tr>\n<tr valign=\"top\">\n<td width=\"194\">a) \u00c1reas deBajo Dolpa<\/td>\n<\/tr>\n<tr valign=\"top\">\n<td width=\"194\">b) \u00c1reas de Alto Dolpa<\/td>\n<\/tr>\n<tr valign=\"top\">\n<td width=\"194\">ii) El Distrito Taplejung<\/td>\n<td rowspan=\"3\" width=\"310\">10 $ USA por persona y semana o lo equivalente en moneda extranjera convertible.<\/td>\n<\/tr>\n<tr valign=\"top\">\n<td width=\"194\">Kanchanjanga Regi\u00f3n<\/td>\n<\/tr>\n<tr valign=\"top\">\n<td width=\"194\">(\u00c1reas de Olangchunggola,<br \/>\nLelep, Papung y<br \/>\nYamphudin Comit\u00e9 de desarrollo del Pueblo)<\/td>\n<\/tr>\n<tr valign=\"top\">\n<td rowspan=\"2\" width=\"29\" height=\"16\">2..<\/td>\n<td width=\"194\">iii) El Distrito Mustang.<\/td>\n<td rowspan=\"2\" width=\"310\">Para los primeros 10 d\u00edas, 500$ USA por persona y, despu\u00e9s de 10 d\u00edas, 50 $ USA por persona \/ d\u00eda.<\/td>\n<\/tr>\n<tr valign=\"top\">\n<td width=\"194\">Alto Mustang<\/td>\n<\/tr>\n<tr valign=\"top\">\n<td rowspan=\"3\" width=\"29\" height=\"16\">3..<\/td>\n<td width=\"194\">iv) El Distrito Gorkha:<\/td>\n<td rowspan=\"2\" width=\"310\">De septiembre a noviembre, 70 $ USA por\u00a0 \u00a0persona y d\u00eda,\u00a0 y despu\u00e9s de 7 d\u00edas, 10 $ USA por d\u00eda y persona. De Diciembre a Agosto, 50 $ USA por persona y semana, y despu\u00e9s de 7 d\u00edas, 7 $ USA por persona y d\u00eda o equivalente en moneda extranjera convertible.<\/td>\n<\/tr>\n<tr valign=\"top\">\n<td width=\"194\">A. (\u00c1rea de Manaslu)<\/td>\n<\/tr>\n<tr valign=\"top\">\n<td width=\"194\">B. (Chhekampar y<br \/>\nChunchet VDC (Sirdibas-<br \/>\nLokpa-Chumling-<br \/>\nChhekampar -Nile-Chhule<br \/>\n\u00c1rea)<\/td>\n<td width=\"310\">De septiembre a noviembre, 35 $ USA por persona durante los primeros 8 d\u00edas. De diciembre a agosto, 25 $ USA por persona durante los primeros 8 d\u00edas o equivalente en moneda extranjera convertible.<\/td>\n<\/tr>\n<tr valign=\"top\">\n<td rowspan=\"2\" width=\"29\" height=\"16\">4..<\/td>\n<td width=\"194\">v) El DistritoDolakha<\/td>\n<td rowspan=\"2\" width=\"310\">10 $ USA por persona o equivalente en moneda extranjera convertible.<\/td>\n<\/tr>\n<tr valign=\"top\">\n<td width=\"194\">(Gauri Shankar &amp;<br \/>\nLamabagar)<\/td>\n<\/tr>\n<tr valign=\"top\">\n<td rowspan=\"2\" width=\"29\" height=\"23\">5<\/td>\n<td width=\"194\">vi) El DistritoHumla (Simikot y Yari):-<\/td>\n<td rowspan=\"2\" width=\"310\">50 $ USA por persona durante los primeros 7 d\u00edas, y despu\u00e9s de 7 d\u00edas, 7$ USA por persona y d\u00eda o lo equivalente en moneda extranjera convertible.<\/td>\n<\/tr>\n<tr valign=\"top\">\n<td width=\"194\">Areas de Limi and Muchu<br \/>\nComit\u00e9 de desarrollo del Pueblo, y lejos a Tibet via Tangekhola,<br \/>\nComit\u00e9 de desarrollo del Pueblo Darma)<\/td>\n<\/tr>\n<tr>\n<td style=\"text-align: center;\" colspan=\"3\" valign=\"top\" width=\"548\" height=\"22\"><strong>Tarifa de <em>trekking<\/em> de otras \u00e1reas restringidas impuestas por el gobierno de Nepal<\/strong><\/td>\n<\/tr>\n<tr valign=\"top\">\n<td width=\"29\" height=\"33\">6<\/td>\n<td width=\"194\">vii) El distrito Rasuwa :- Thuman y Timure<\/td>\n<td width=\"310\">10 $ USA por persona y semana o lo equivalente en moneda extranjera convertible.<\/td>\n<\/tr>\n<tr valign=\"top\">\n<td rowspan=\"2\" width=\"29\" height=\"16\">7<\/td>\n<td width=\"194\">.viii) El distrito Sankhuwasabha<\/td>\n<td rowspan=\"2\" width=\"310\">10 $ USA por persona y semana las primeras 4 semanas, y despu\u00e9s de las 4 semanas, 20 $ USA por persona y semana\u00a0 o su equivalente en moneda extranjera convertible.<\/td>\n<\/tr>\n<tr valign=\"top\">\n<td width=\"194\">(Makalu Region):-Areas of<br \/>\nKimathanka, Chepuwa, Hatiya and Pawakhola Village Development Committee.<\/td>\n<\/tr>\n<tr valign=\"top\">\n<td rowspan=\"2\" width=\"29\" height=\"16\">8<\/td>\n<td width=\"194\">ix) El distrito Solukhumbu<\/td>\n<td rowspan=\"2\" width=\"310\">10 $ USA por persona y semana las primeras 4 semanas, y despu\u00e9s de las 4 semanas, 20 $ USA por persona y semana\u00a0 o su equivalente en moneda extranjera convertible.<\/td>\n<\/tr>\n<tr valign=\"top\">\n<td width=\"194\">(Everest Regi\u00f3n):-Todo al norte<br \/>\nAl woeste desde Thame<br \/>\na Nangpala el Comit\u00e9 de desarrollo del Pueblo de Namche<\/td>\n<\/tr>\n<tr valign=\"top\">\n<td width=\"29\" height=\"74\">9<\/td>\n<td width=\"194\">x) El distrito Manang:- Areas de Nar, Phu, y Norte<br \/>\nde Tilche Pueblo<\/td>\n<td width=\"310\">90 $ USA por persona y semana de septiembre a noviembre, y de diciembre a agosto, 75 $ USA por persona y semana o lo equivalente en moneda extranjera convertible.<\/td>\n<\/tr>\n<tr valign=\"top\">\n<td width=\"29\" height=\"39\">10<\/td>\n<td width=\"194\">xi) E distrito Mugu:- Areas de<br \/>\nMugu, Dolpu, Pulu y Bhangri.<\/td>\n<td width=\"310\">90 $ USA por persona los primeros 7 d\u00edas, y despu\u00e9s de los 7 d\u00edas, 15 $ USA por persona y d\u00eda o lo equivalente en moneda extranjera convertible.<\/td>\n<\/tr>\n<tr valign=\"top\">\n<td width=\"29\" height=\"39\">11<\/td>\n<td width=\"194\">xii) El ditrito Baihang:-Areas<br \/>\nde Kanda, Saipal, Dhuli.<\/td>\n<td width=\"310\">90 $ USA por persona los primeros 7 d\u00edas, y despu\u00e9s de los 7 d\u00edas, 15 $ USA por persona y d\u00eda o lo equivalente en moneda extranjera convertible.<\/td>\n<\/tr>\n<tr valign=\"top\">\n<td width=\"29\" height=\"38\">12<\/td>\n<td width=\"194\">xiii) El distrito Darchula:- Areas de pueblo Byas.<\/td>\n<td width=\"310\">90 $ USA por persona los primeros 7 d\u00edas, y despu\u00e9s de los 7 d\u00edas, 15 $ USA por persona y d\u00eda o lo equivalente en moneda extranjera convertible.<\/td>\n<\/tr>\n<\/tbody>\n<\/table>\n<h3>Nota:<\/h3>\n<p>a) Para obtener un permiso de <em>trekking<\/em> grupal, se debe enviar un formulario de solicitud con otros documentos relevantes a trav\u00e9s de cualquier agencia de <em>trekking<\/em> registrada de Nepal.<\/p>\n<p>b) La tarifa de caminata se puede pagar en moneda nepalesa. El ciudadano indio puede pagar en moneda nepalesa con el valor equivalente a d\u00f3lares estadounidenses.<\/p>\n","protected":false},"excerpt":{"rendered":"<p>A) Permiso de Trekking Un permiso de trekking es obligatorio para visitar las \u00e1reas restringidas que se mencionan a continuaci\u00f3n. Para visitar las \u00e1reas normales de trekking\u00a0no se requiere permiso. B) \u00c1reas restringidas que se han abierto para caminatas en grupo. Las siguientes \u00e1reas restringidas est\u00e1n abiertas solo para excursionistas en grupo. Y no se [&hellip;]<\/p>\n","protected":false},"author":1,"featured_media":0,"parent":0,"menu_order":0,"comment_status":"closed","ping_status":"closed","template":"","meta":{"footnotes":""},"class_list":["post-497","page","type-page","status-publish","hentry"],"_links":{"self":[{"href":"https:\/\/www.shangrilavoyages.com\/es\/wp-json\/wp\/v2\/pages\/497","targetHints":{"allow":["GET"]}}],"collection":[{"href":"https:\/\/www.shangrilavoyages.com\/es\/wp-json\/wp\/v2\/pages"}],"about":[{"href":"https:\/\/www.shangrilavoyages.com\/es\/wp-json\/wp\/v2\/types\/page"}],"author":[{"embeddable":true,"href":"https:\/\/www.shangrilavoyages.com\/es\/wp-json\/wp\/v2\/users\/1"}],"replies":[{"embeddable":true,"href":"https:\/\/www.shangrilavoyages.com\/es\/wp-json\/wp\/v2\/comments?post=497"}],"version-history":[{"count":16,"href":"https:\/\/www.shangrilavoyages.com\/es\/wp-json\/wp\/v2\/pages\/497\/revisions"}],"predecessor-version":[{"id":3057,"href":"https:\/\/www.shangrilavoyages.com\/es\/wp-json\/wp\/v2\/pages\/497\/revisions\/3057"}],"wp:attachment":[{"href":"https:\/\/www.shangrilavoyages.com\/es\/wp-json\/wp\/v2\/media?parent=497"}],"curies":[{"name":"wp","href":"https:\/\/api.w.org\/{rel}","templated":true}]}}