{"id":486,"date":"2022-05-30T08:18:55","date_gmt":"2022-05-30T08:18:55","guid":{"rendered":"https:\/\/www.shangrilavoyages.com\/?page_id=486"},"modified":"2023-11-22T14:45:06","modified_gmt":"2023-11-22T09:00:06","slug":"nepal-visa-information","status":"publish","type":"page","link":"https:\/\/www.shangrilavoyages.com\/es\/nepal-visa-information\/","title":{"rendered":"Informaci\u00f3n sobre el visado de Nepal"},"content":{"rendered":"<p><strong>El visado<\/strong><br \/>\nEl visado de turista de Nepal es v\u00e1lido durante 15 d\u00edas, 30 d\u00edas o 90 d\u00edas, a partir de la fecha de emisi\u00f3n. La validez de las fechas del visado se cuenta a partir de la fecha de llegada a Nepal. Pod\u00e9is encontrar formularios de solicitud de visado en la sala de llegadas del aeropuerto de Katmand\u00fa (u otros puntos de entrada principales), o pod\u00e9is obtener un visado de turista nepal\u00ed en la embajada o el consulado de Nepal en vuestra residencia habitual. En cualquier caso, pod\u00e9is obtener informaci\u00f3n sobre el visado en la website de la embajada de Nepal de vuestro pa\u00eds.<\/p>\n<p>A vuestra llegada al aeropuerto pod\u00e9is comprar un visado de entrada m\u00faltiple v\u00e1lido por 15 d\u00edas, que cuesta 30 $ USA; o por 30 d\u00edas, que cuesta 50 $ USA o, por \u00faltimo, por 90 d\u00edas, que cuesta 125 $ USA. Necesitar\u00e9is 2 fotos de pasaporte para vuestro visado turista de Nepal.<\/p>\n<h3>\u00a0Informaci\u00f3n importante<\/h3>\n<ol>\n<li>Una vez emitida el visado, no se modificar\u00e1, revalidar\u00e1 y no se reembolsar\u00e1n las tasas del visado.<\/li>\n<li>No se aceptan cheques personales ni tarjetas de cr\u00e9dito para el pago del visado.<\/li>\n<li>Los visitantes tambi\u00e9n pueden obtener un visado de turista en los principales puntos de llegada a Nepal, incluido el Aeropuerto Internacional de Tribhubhan (TIA), Katmand\u00fa. Requisitos a la llegada: 2 fotos de tama\u00f1o PP, formulario de solicitud de visado disponible en el punto de entrada y tarifas de visado (25 $, 50 $ y 125 $ para visados de 15, 30 y 90 d\u00edas, respectivamente).<\/li>\n<\/ol>\n<table width=\"385\" cellspacing=\"0\" cellpadding=\"7\">\n<tbody>\n<tr valign=\"top\">\n<td style=\"text-align: center;\" width=\"125\"><strong>Tipos de visado<\/strong><\/td>\n<td style=\"text-align: center;\" width=\"109\"><strong>Validez del visado<\/strong><\/td>\n<td style=\"text-align: center;\" width=\"107\"><strong>Tasa<\/strong><\/td>\n<\/tr>\n<tr valign=\"top\">\n<td style=\"text-align: center;\" width=\"125\">Entrada m\u00faltiple<\/td>\n<td style=\"text-align: center;\" width=\"109\">15 d\u00edas<\/td>\n<td style=\"text-align: center;\" width=\"107\">30 $ USA<\/td>\n<\/tr>\n<tr valign=\"top\">\n<td style=\"text-align: center;\" width=\"125\">Entrada m\u00faltiple<\/td>\n<td style=\"text-align: center;\" width=\"109\">30 d\u00edas<\/td>\n<td style=\"text-align: center;\" width=\"107\">50 $ USA<\/td>\n<\/tr>\n<tr valign=\"top\">\n<td style=\"text-align: center;\" width=\"125\">Entrada m\u00faltiple<\/td>\n<td style=\"text-align: center;\" width=\"109\">90 d\u00edas<\/td>\n<td style=\"text-align: center;\" width=\"107\">125 $ USA<\/td>\n<\/tr>\n<\/tbody>\n<\/table>\n<p>Tasas vigentes en 2023.<\/p>\n<p>Los ni\u00f1os menores de 10 a\u00f1os no pagan ninguna tasa de visado.<\/p>\n<p>Un a\u00f1o de visado cubre un per\u00edodo comprendido entre el 1 de enero y el 31 de diciembre de cada a\u00f1o.<br \/>\nValidez de la entrada: Seis meses a partir de la fecha de emisi\u00f3n. Las fechas de validez del visado se cuentan a partir de la fecha de llegada a Nepal.<\/p>\n<p><strong>Extensi\u00f3n del visado\u00a0<\/strong><\/p>\n<p>Tambi\u00e9n es posible extender la duraci\u00f3n de vuestra estancia y procesar vuestro visado. Por lo general, no toma m\u00e1s de un par de horas. Un visado de turista se puede extender en el Departamento de Inmigraci\u00f3n, Oficina de Inmigraci\u00f3n de Katmand\u00fa y Pokhara por un total de 120 d\u00edas. Se puede otorgar un visado adicional de 30 d\u00edas por motivos razonables del departamento. En el transcurso de un a\u00f1o de visado (del 1 de enero al 31 de diciembre de cada a\u00f1o), un turista no puede permanecer en Nepal m\u00e1s de 150 d\u00edas. La informaci\u00f3n sobre algunos criterios de extensi\u00f3n de visado puede cambiar en cualquier momento, as\u00ed que verificadlo siempre un par de veces con vuestra embajada. <strong>Para obtener informaci\u00f3n actualizada sobre visados, consultad la p\u00e1gina de informaci\u00f3n sobre visados de la Embajada de Nepal<\/strong>. Antes de partir, es \u00fatil hacer un par de fotocopias de vuestro pasaporte y dejarlas con amigos o familiares. Tambi\u00e9n llevad un par de copias en vuestro equipaje. Si ten\u00e9is la mala suerte de perder vuestro pasaporte, todo el papeleo ser\u00e1 mucho m\u00e1s f\u00e1cil.<\/p>\n<p><strong>REQUISITOS<\/strong><\/p>\n<ul>\n<li>Pasaporte vigente (con una vigencia m\u00ednima de seis meses).<\/li>\n<li>Un formulario de solicitud.<\/li>\n<li>Una fotograf\u00eda tama\u00f1o carnet.<\/li>\n<li>Las tasas de visado deben pagarse en efectivo, mediante giro postal o giro bancario a nombre de la embajada.<\/li>\n<li>Si hac\u00e9is la solicitud por correo, enviad un sobre prepago con vuestra direcci\u00f3n (SAE) por correo certificado.<\/li>\n<li>Las solicitudes de visado hechas en persona necesitan un tiempo de procesamiento de 48 horas.<\/li>\n<li>La solicitud por correo puede tardar hasta dos semanas\u00a0 a procesarse.<\/li>\n<\/ul>\n","protected":false},"excerpt":{"rendered":"<p>El visado El visado de turista de Nepal es v\u00e1lido durante 15 d\u00edas, 30 d\u00edas o 90 d\u00edas, a partir de la fecha de emisi\u00f3n. La validez de las fechas del visado se cuenta a partir de la fecha de llegada a Nepal. Pod\u00e9is encontrar formularios de solicitud de visado en la sala de llegadas [&hellip;]<\/p>\n","protected":false},"author":1,"featured_media":0,"parent":0,"menu_order":0,"comment_status":"closed","ping_status":"closed","template":"","meta":{"footnotes":""},"class_list":["post-486","page","type-page","status-publish","hentry"],"_links":{"self":[{"href":"https:\/\/www.shangrilavoyages.com\/es\/wp-json\/wp\/v2\/pages\/486","targetHints":{"allow":["GET"]}}],"collection":[{"href":"https:\/\/www.shangrilavoyages.com\/es\/wp-json\/wp\/v2\/pages"}],"about":[{"href":"https:\/\/www.shangrilavoyages.com\/es\/wp-json\/wp\/v2\/types\/page"}],"author":[{"embeddable":true,"href":"https:\/\/www.shangrilavoyages.com\/es\/wp-json\/wp\/v2\/users\/1"}],"replies":[{"embeddable":true,"href":"https:\/\/www.shangrilavoyages.com\/es\/wp-json\/wp\/v2\/comments?post=486"}],"version-history":[{"count":15,"href":"https:\/\/www.shangrilavoyages.com\/es\/wp-json\/wp\/v2\/pages\/486\/revisions"}],"predecessor-version":[{"id":2995,"href":"https:\/\/www.shangrilavoyages.com\/es\/wp-json\/wp\/v2\/pages\/486\/revisions\/2995"}],"wp:attachment":[{"href":"https:\/\/www.shangrilavoyages.com\/es\/wp-json\/wp\/v2\/media?parent=486"}],"curies":[{"name":"wp","href":"https:\/\/api.w.org\/{rel}","templated":true}]}}