{"id":471,"date":"2022-05-19T11:10:46","date_gmt":"2022-05-19T11:10:46","guid":{"rendered":"https:\/\/www.shangrilavoyages.com\/?page_id=471"},"modified":"2024-05-06T16:20:41","modified_gmt":"2024-05-06T10:35:41","slug":"clima-de-nepal","status":"publish","type":"page","link":"https:\/\/www.shangrilavoyages.com\/es\/clima-de-nepal\/","title":{"rendered":"Clima de Nepal"},"content":{"rendered":"<p>Clima de Nepal: Nepal tiene cuatro estaciones que son: la primavera, el verano, el oto\u00f1o y el invierno. Seg\u00fan las etaciones, el tiempo y la temperatura var\u00edan.<\/p>\n<table width=\"100%\">\n<tbody>\n<tr>\n<th colspan=\"13\"><strong>El Tiempo<\/strong><\/th>\n<\/tr>\n<tr>\n<th colspan=\"13\">Temperaturas m\u00e1ximas-m\u00ednimas aproximadas.<br \/>\n(en grados Celsius)<\/th>\n<\/tr>\n<tr>\n<td width=\"12%\"><\/td>\n<td width=\"7%\"><strong>Ene<\/strong><\/td>\n<td width=\"7%\"><strong>Feb <\/strong><\/td>\n<td width=\"7%\"><strong>Mar <\/strong><\/td>\n<td width=\"7%\"><strong>Abr<\/strong><\/td>\n<td width=\"7%\"><strong>May <\/strong><\/td>\n<td width=\"7%\"><strong>Jun <\/strong><\/td>\n<td width=\"7%\"><strong>Jul <\/strong><\/td>\n<td width=\"8%\"><strong>Ago<\/strong><\/td>\n<td width=\"7%\"><strong>Sep <\/strong><\/td>\n<td width=\"7%\"><strong>Oct <\/strong><\/td>\n<td width=\"7%\"><strong>Nov <\/strong><\/td>\n<td width=\"7%\"><strong>Dec <\/strong><\/td>\n<\/tr>\n<tr>\n<td width=\"12%\"><strong>Katmand\u00fa<\/strong><\/td>\n<td width=\"7%\">19-2<\/td>\n<td width=\"7%\">20-4<\/td>\n<td width=\"7%\">25-8<\/td>\n<td width=\"7%\">30-11<\/td>\n<td width=\"7%\">30-19<\/td>\n<td width=\"7%\">35-20<\/td>\n<td width=\"7%\">36-21<\/td>\n<td width=\"8%\">30-20<\/td>\n<td width=\"7%\">27-19<\/td>\n<td width=\"7%\">23-15<\/td>\n<td width=\"7%\">23-4<\/td>\n<td width=\"7%\">20-2<\/td>\n<\/tr>\n<tr>\n<td width=\"12%\"><strong>Pokhara <\/strong><\/td>\n<td width=\"7%\">20-8<\/td>\n<td width=\"7%\">21-8<\/td>\n<td width=\"7%\">27-11<\/td>\n<td width=\"7%\">30-16<\/td>\n<td width=\"7%\">30-19<\/td>\n<td width=\"7%\">30-20<\/td>\n<td width=\"7%\">30-21<\/td>\n<td width=\"8%\">30-21<\/td>\n<td width=\"7%\">29-20<\/td>\n<td width=\"7%\">27-18<\/td>\n<td width=\"7%\">23-11<\/td>\n<td width=\"7%\">20-8<\/td>\n<\/tr>\n<tr>\n<td width=\"12%\"><strong>Chitwan <\/strong><\/td>\n<td width=\"7%\">24-7<\/td>\n<td width=\"7%\">26-8<\/td>\n<td width=\"7%\">33-12<\/td>\n<td width=\"7%\">35-18<\/td>\n<td width=\"7%\">35-20<\/td>\n<td width=\"7%\">35-23<\/td>\n<td width=\"7%\">33-24<\/td>\n<td width=\"8%\">33-24<\/td>\n<td width=\"7%\">32-22<\/td>\n<td width=\"7%\">31-18<\/td>\n<td width=\"7%\">29-12<\/td>\n<td width=\"7%\">24-8<\/td>\n<\/tr>\n<tr>\n<td colspan=\"13\">Temperaturas extremas absolutas: <strong>Bhairawa<\/strong> (max 42-min 5); <strong>Gorkha<\/strong> (33-5); <strong>Janakpur <\/strong>(42-4); <strong>Jiri<\/strong> (28- bajo 6)<\/td>\n<\/tr>\n<\/tbody>\n<\/table>\n","protected":false},"excerpt":{"rendered":"<p>Clima de Nepal: Nepal tiene cuatro estaciones que son: la primavera, el verano, el oto\u00f1o y el invierno. Seg\u00fan las etaciones, el tiempo y la temperatura var\u00edan. El Tiempo Temperaturas m\u00e1ximas-m\u00ednimas aproximadas. (en grados Celsius) Ene Feb Mar Abr May Jun Jul Ago Sep Oct Nov Dec Katmand\u00fa 19-2 20-4 25-8 30-11 30-19 35-20 36-21 [&hellip;]<\/p>\n","protected":false},"author":1,"featured_media":0,"parent":0,"menu_order":0,"comment_status":"closed","ping_status":"closed","template":"","meta":{"footnotes":""},"class_list":["post-471","page","type-page","status-publish","hentry"],"_links":{"self":[{"href":"https:\/\/www.shangrilavoyages.com\/es\/wp-json\/wp\/v2\/pages\/471","targetHints":{"allow":["GET"]}}],"collection":[{"href":"https:\/\/www.shangrilavoyages.com\/es\/wp-json\/wp\/v2\/pages"}],"about":[{"href":"https:\/\/www.shangrilavoyages.com\/es\/wp-json\/wp\/v2\/types\/page"}],"author":[{"embeddable":true,"href":"https:\/\/www.shangrilavoyages.com\/es\/wp-json\/wp\/v2\/users\/1"}],"replies":[{"embeddable":true,"href":"https:\/\/www.shangrilavoyages.com\/es\/wp-json\/wp\/v2\/comments?post=471"}],"version-history":[{"count":10,"href":"https:\/\/www.shangrilavoyages.com\/es\/wp-json\/wp\/v2\/pages\/471\/revisions"}],"predecessor-version":[{"id":3114,"href":"https:\/\/www.shangrilavoyages.com\/es\/wp-json\/wp\/v2\/pages\/471\/revisions\/3114"}],"wp:attachment":[{"href":"https:\/\/www.shangrilavoyages.com\/es\/wp-json\/wp\/v2\/media?parent=471"}],"curies":[{"name":"wp","href":"https:\/\/api.w.org\/{rel}","templated":true}]}}