{"id":461,"date":"2022-05-19T08:04:05","date_gmt":"2022-05-19T08:04:05","guid":{"rendered":"https:\/\/www.shangrilavoyages.com\/?page_id=461"},"modified":"2023-11-22T14:45:56","modified_gmt":"2023-11-22T09:00:56","slug":"visa-information","status":"publish","type":"page","link":"https:\/\/www.shangrilavoyages.com\/es\/visa-information\/","title":{"rendered":"Informaci\u00f3n sobre el visado de Nepal"},"content":{"rendered":"<p><strong>Informaci\u00f3n sobre el visado:<\/strong><\/p>\n<p>Los visados de turista normalmente se procesan dentro de las 48 horas posteriores a la presentaci\u00f3n del formulario de solicitud de visado en la embajada correspondiente a vuestro pa\u00eds. En nuestra web est\u00e1 disponible la informaci\u00f3n referente a la obtenci\u00f3n del formulario de solicitud del visado.<\/p>\n<p>&nbsp;<\/p>\n<p><strong>Informaci\u00f3n importante<\/strong><\/p>\n<ol>\n<li>Una vez emitida el visado, no se modificar\u00e1, revalidar\u00e1 y no se reembolsar\u00e1n las tasas del visado.<\/li>\n<li>No se aceptan cheques personales ni tarjetas de cr\u00e9dito para el pago del visado.<\/li>\n<li>Los visitantes tambi\u00e9n pueden obtener un visado de turista en los principales puntos de llegada a Nepal, incluido el Aeropuerto Internacional de Tribhubhan (TIA), Katmand\u00fa. Requisitos a la llegada: 2 fotos de tama\u00f1o carnet, formulario de solicitud de visado disponible en el punto de entrada y tarifas de visado (25 $, 50 $ y 125 $ para visados de 15, 30 y 90 d\u00edas, respectivamente).<\/li>\n<\/ol>\n<p><strong> Los siguientes tipos de visados de turista se pueden obtener en la embajada:<\/strong><\/p>\n<table width=\"384\">\n<tbody>\n<tr>\n<th style=\"text-align: center;\" width=\"137\"><strong>Tipo de Visa<\/strong><\/th>\n<th style=\"text-align: center;\" width=\"120\"><strong>Validez Visado\u00a0<\/strong><\/th>\n<th style=\"text-align: center;\" width=\"119\">Costo<\/th>\n<\/tr>\n<tr>\n<td style=\"text-align: center;\">Entrada m\u00faltiple<\/td>\n<td style=\"text-align: center;\">15 D\u00edas<\/td>\n<td style=\"text-align: center;\">30 $ USA<\/td>\n<\/tr>\n<tr>\n<td style=\"text-align: center;\" width=\"137\">Entrada m\u00faltiple<\/td>\n<td style=\"text-align: center;\" width=\"120\">30 D\u00edas<\/td>\n<td style=\"text-align: center;\" width=\"119\">50 $ USA<\/td>\n<\/tr>\n<tr>\n<td style=\"text-align: center;\">Entrada m\u00faltiple<\/td>\n<td style=\"text-align: center;\">90 D\u00edas<\/td>\n<td style=\"text-align: center;\">125 $ USA<\/td>\n<\/tr>\n<\/tbody>\n<\/table>\n<p><strong>Tasas de visado vigentes en 2023<\/strong><\/p>\n<p>Los ni\u00f1os menores de 10 a\u00f1os recibir\u00e1n un visado de visita sin costo.<\/p>\n<p><strong>Un a\u00f1o de visado cubre un per\u00edodo del 1 de enero al 31 de diciembre de cada a\u00f1o.<br \/>\n<\/strong><strong>Vigencia de entrada:<\/strong> Seis meses a partir de la fecha de expedici\u00f3n. Las fechas de validez del visado se cuentan a partir de la fecha de llegada a Nepal.<\/p>\n<p><strong>Extensi\u00f3n del visado:<\/strong> Un visado de turista puede ser ampliado desde el Departamento de Inmigraci\u00f3n y la Oficina de Inmigraci\u00f3n de Pokhara, durante 120 d\u00edas en total. Se puede otorgar un visado adicional de 30 d\u00edas por motivos justificados, desde el Departamento. En el transcurso de un a\u00f1o de visado, un turista no puede permanecer en Nepal m\u00e1s de 150 d\u00edas acumulados.<\/p>\n<p><strong>REQUISITOS<\/strong><\/p>\n<ol>\n<li>Pasaporte v\u00e1lido. (con una vigencia de un per\u00edodo m\u00ednimo de seis meses).<\/li>\n<li>Un formulario de solicitud.<\/li>\n<li>Una fotograf\u00eda tama\u00f1o carnet.<\/li>\n<li>Las tarifas de visado deben pagarse en efectivo, por giro postal o giro bancario a nombre de la embajada.<\/li>\n<li>Si present\u00e1is la solicitud por correo postal, enviad un sobre autodirigido (SAE) prepago por correo certificado.<\/li>\n<li>Las solicitudes de visado hechas en persona necesitan un tiempo de procesamiento de 48 horas.<\/li>\n<li>La solicitud por correo puede tardar hasta dos semanas\u00a0 a procesarse.<\/li>\n<\/ol>\n","protected":false},"excerpt":{"rendered":"<p>Informaci\u00f3n sobre el visado: Los visados de turista normalmente se procesan dentro de las 48 horas posteriores a la presentaci\u00f3n del formulario de solicitud de visado en la embajada correspondiente a vuestro pa\u00eds. En nuestra web est\u00e1 disponible la informaci\u00f3n referente a la obtenci\u00f3n del formulario de solicitud del visado. &nbsp; Informaci\u00f3n importante Una vez [&hellip;]<\/p>\n","protected":false},"author":1,"featured_media":0,"parent":0,"menu_order":0,"comment_status":"closed","ping_status":"closed","template":"","meta":{"footnotes":""},"class_list":["post-461","page","type-page","status-publish","hentry"],"_links":{"self":[{"href":"https:\/\/www.shangrilavoyages.com\/es\/wp-json\/wp\/v2\/pages\/461","targetHints":{"allow":["GET"]}}],"collection":[{"href":"https:\/\/www.shangrilavoyages.com\/es\/wp-json\/wp\/v2\/pages"}],"about":[{"href":"https:\/\/www.shangrilavoyages.com\/es\/wp-json\/wp\/v2\/types\/page"}],"author":[{"embeddable":true,"href":"https:\/\/www.shangrilavoyages.com\/es\/wp-json\/wp\/v2\/users\/1"}],"replies":[{"embeddable":true,"href":"https:\/\/www.shangrilavoyages.com\/es\/wp-json\/wp\/v2\/comments?post=461"}],"version-history":[{"count":20,"href":"https:\/\/www.shangrilavoyages.com\/es\/wp-json\/wp\/v2\/pages\/461\/revisions"}],"predecessor-version":[{"id":2996,"href":"https:\/\/www.shangrilavoyages.com\/es\/wp-json\/wp\/v2\/pages\/461\/revisions\/2996"}],"wp:attachment":[{"href":"https:\/\/www.shangrilavoyages.com\/es\/wp-json\/wp\/v2\/media?parent=461"}],"curies":[{"name":"wp","href":"https:\/\/api.w.org\/{rel}","templated":true}]}}