{"id":417,"date":"2022-05-19T06:58:26","date_gmt":"2022-05-19T06:58:26","guid":{"rendered":"https:\/\/www.shangrilavoyages.com\/?page_id=417"},"modified":"2024-01-30T17:10:17","modified_gmt":"2024-01-30T11:25:17","slug":"heritage-sites-of-nepal","status":"publish","type":"page","link":"https:\/\/www.shangrilavoyages.com\/es\/heritage-sites-of-nepal\/","title":{"rendered":"El patrimonio natural y cultural de Nepal"},"content":{"rendered":"<h3><strong>Emplazamientos naturales y culturales de especial inter\u00e9s<\/strong><\/h3>\n<p>Nepal es un peque\u00f1o y monta\u00f1oso pa\u00eds sin salida al mar. Aunque tiene un \u00e1rea de 147,181 kil\u00f3metros cuadrados, Nepal tiene declarados por la UNESCO (Organizaci\u00f3n de las Naciones Unidas para la Educaci\u00f3n, la Ciencia y la Cultura) <strong>10 lugares<\/strong> como &#8216;Patrimonio de la Humanidad&#8217;. Hay 830 ubicaciones del mundo en la Lista del Patrimonio Mundial como patrimonio cultural y natural, que tienen un valor universal excepcional. Y entre ellos hay 644 sitios de patrimonio cultural, 162 sitios de patrimonio natural y 24 bienes mixtos. De todos ellos, 10 son de Nepal.<\/p>\n<h3>Plaza Durbar de Katmand\u00fa<\/h3>\n<p>La Plaza Durbar de Katmand\u00fa es un hermoso sitio patrimonial repleto de artesan\u00edas culturales antiguas, dibujos y objetos tradicionales, etc. Un Marushattal\u00a0 \u00a0 \u00a0 \u00a0 -casa de reposo-,\u00a0 uno de los edificios emblem\u00e1ticos del lugar, fue construido con la madera extra\u00edda de un solo \u00e1rbol. Este edificio es conocido como el Kasthamandap. Katmand\u00fa, que significa &#8220;casa de madera&#8221;, debe su nombre a Kahthmandap.<\/p>\n<p>Las artes decorativas de Hanuman Dhoka, el templo de Taleju Bhawani, el templo de Panchmukhi Hanuman, el templo de Kumari (diosa viviente), el Templo de Shiva-Parvati, Sri Ganeshsthan, Gaddi Baithak (lugar de coronaci\u00f3n), etc., han perfilado un Kathmandu Durbar cuadrado.<\/p>\n<h3>Plaza Durbar de Bhaktapur<\/h3>\n<p>La plaza Bhaktapur Durbar es una exhibici\u00f3n de artesan\u00edas, dibujos y productos culturales antiguos. Las cincuenta y cinco ventanas del Durbar (palacio) y Sundhokha (puerta dorada) construidas durante el r\u00e9gimen del rey Malla, la estatua de Bhupteendra Malla y el templo de cinco pisos (Panch Talle Mandir) construido por el rey Bhupteendra Malla, se encuentran en esta ciudad. Adem\u00e1s de estos, el Templo de Dattatrey, Sunchara Pokhari y los asombrosos estanques, etc., son obras art\u00edsticas que han hecho\u00a0 que la visita a esta ciudad incomparable sea absolutamente imprescindible. El Golden Gate es la entrada principal al patio del palacio con 55 ventanas. Fue construido por el rey Pratap Malla y es uno de los edificios de este estilo m\u00e1s hermosos y m\u00e1s ornamentalmente tallado de todo el mundo.<\/p>\n<h3>Lalitpur (Patan) Plaza Durbar<\/h3>\n<p>La plaza Lalitpur Durbar es muy relevante por las artesan\u00edas, dibujos y productos culturales antiguos de Nepal. Las estupas, Rato Machchhindra Nath y otros templos construidos desde el per\u00edodo de Ashoka hasta el per\u00edodo de la dinast\u00eda Malla a\u00f1aden belleza a esta ciudad. Las veintiuna torres (Gajurs) de Krishna Mandir est\u00e1n hechas completamente de piedra. Adem\u00e1s, las ventanas de huesos de elefante (pieles), la estatua de Yog Narendra Malla, el templo de Taleju, la cinta de piedra y los estanques, etc. son obras art\u00edsticas de Lalitpur Durbar Square.<\/p>\n<p>&nbsp;<\/p>\n<h3>El templo de Pashupatinath<\/h3>\n<p>El popular templo de Pashupatinath se considera muy especial entre los emplazamientos religiosos de Nepal. Este templo est\u00e1 situado a una distancia de 5 km al noreste de Katmand\u00fa. Los reyes Lichchhavi dieron el nombre de\u00a0 Shivaling a este templo, dedicado al dios Shiva. Los reyes de Malla lo embellecieron y lo hicieron m\u00e1s atractivo al transformarlo con la construcci\u00f3n de dos pisos. Personas de diferentes castas y religiones acuden respetuosamente a este templo con actitud de adoraci\u00f3n. Asimismo, los devotos del extranjero vienen a adorar al se\u00f1or Shiva. El bosque, Kailash y Ghat alrededor del templo Pashupatinath han hecho que el entorno que lo rodea sea atractivo, hermoso y digno de ver. Sin duda, este templo es muy importante y significativo desde el punto de vista religioso. Para los hind\u00faes es uno de los lugares m\u00e1s sagrados. El templo est\u00e1 situado en la orilla del r\u00edo Bagmati, que es un afluente del r\u00edo sagrado Gangajee de la India.<\/p>\n<p>&nbsp;<\/p>\n<h3><\/h3>\n<h3><strong>El templo de Changu Narayan<\/strong><\/h3>\n<p>Se supone que este templo es el templo m\u00e1s antiguo de Nepal. Los reyes Lichchhavi adoraron a Sri Champak o Changu Narayan con gran devoci\u00f3n y respeto. Asimismo, los reyes Malla tambi\u00e9n protegieron este templo devotamente. Est\u00e1 situado al norte de Bhaktapur Durbar. Los hind\u00faes, Bouddha y Shakyas, vienen a meditar y adorar en el templo de Sri Changu Narayan. El festival Changu Narayan se celebra en la desembocadura del Magh todos los a\u00f1os. La estatua de Sri Changunarayan se ba\u00f1a en las aguas del r\u00edo Shali de Shankhu. Es tradici\u00f3n traer esta estatua de Hanuman Dhoka despu\u00e9s del culto. El templo est\u00e1 dedicado al Se\u00f1or Vishnu y fue construido por el rey Vishnu Hari Datta Verma en el a\u00f1o 325 d.C. Como edificio, el templo es singular y rico en su dise\u00f1o arquitect\u00f3nico estructural.<\/p>\n<p>&nbsp;<\/p>\n<p>&nbsp;<\/p>\n<h3><strong>\u00a0Bouddhanath Estupa<\/strong><\/h3>\n<p>A la Estupa Boudha Nath del Se\u00f1or Buda se le ha dado gran reconocimiento entre los templos de Dioses y Chaityas (monumento sagrado consistente en un tipo determinado de estupa asentada encima de un z\u00f3calo o base) de Nepal . Est\u00e1 situada en el noreste, a unos 7 km de Katmand\u00fa. Se trata del Jyotiswarup Chaitya, seg\u00fan el budista Grantha. Los devotos de diferentes religiones vienen a visitar y adorar a esta Chaitya.<\/p>\n<p>Esta estupa budista colosal es uno de los templos lama\u00edstas m\u00e1s grandes del mundo. Est\u00e1 construido seg\u00fan el estilo Pagoda. Actualmente, hay cinco Gompas\u00a0 \u00a0 \u00a0 \u00a0(monasterios tibetanos) donde los monjes budistas tibetanos oran a las deidades budistas.<\/p>\n<p>&nbsp;<\/p>\n<h3><strong>Swayambhu Estupa<\/strong><\/h3>\n<p>Seg\u00fan Puran (creencias mitol\u00f3gicas), el Dios Swayambhu Nath se origin\u00f3 a partir de la flor de Lotus. El Chaitya de Dios Swayambhu Nath es tambi\u00e9n un emplazamiento religioso muy popular. Este Chaitya est\u00e1 situado a unos 4 km de distancia al oeste de Katmand\u00fa. Dios Swayambhu Nath tambi\u00e9n es considerado como Jyoti Swaroop (luz). El Dios Swayambhu Nath\u00a0 es reconocido como creador y destructor. Personas de diferentes religiones -hind\u00faes, budistas, Shakyas, etc.- vienen a adorar al Dios Swayambhu Nath. Hay muchos templos en el emplazamiento de Swayambhu, pero el Chaitya principal es uno de los Chaityas budistas m\u00e1s gloriosos del mundo. Se dice que tiene unos 2.000 a\u00f1os de antig\u00fcedad. El sitio de Swayambhu Nath est\u00e1 situado en una colina y tiene 77 metros de altura desde el nivel del suelo.<\/p>\n<h3>Lumbini<\/h3>\n<p>Lumbini est\u00e1 situado en el suroeste del cintur\u00f3n de Terai. Es el centro de peregrinaje religioso de millones de budistas.<br \/>\nEs conocido en el mundo como el lugar de nacimiento del Se\u00f1or Gautama Buda. Los budistas vienen a visitar y adorar a este emplazamiento, tambi\u00e9n desde el extranjero. El entorno es un patrimonio natural rico y variado. Lumbini es el lugar m\u00e1s sagrado para los budistas y motivo de orgullo para el pa\u00eds, porque Sakaymuni o Siddharth Gautam Buddha naci\u00f3 aqu\u00ed en el a\u00f1o 623 d.C. Este lugar se encuentra a 1 km al oeste de Siddarthnagar (Bhairahawa), en el distrito de Rupandehi de la zona de Lumbini. Se dice que en aquellos d\u00edas, Lumbini era un hermoso jard\u00edn lleno de \u00e1rboles de Sal que daban una sombra espesa y agradable. Tanto el gobierno de Nepal como la organizaci\u00f3n de las Naciones Unidas se han interesado mucho en la protecci\u00f3n y promoci\u00f3n de este lugar.<\/p>\n<h3>Chitwan Parque National<\/h3>\n<p>El Parque Nacional de Chitwan es el m\u00e1s antiguo de Nepal.<br \/>\nFue establecido en 1973 d. C., despu\u00e9s de la aprobaci\u00f3n del difunto rey Mahendra en diciembre de 1970. Este parque se encuentra en el \u00e1rea llana de la regi\u00f3n sur central de Inner Terai. Est\u00e1 en el coraz\u00f3n de la selva de Terai. Su superficie total es de 932 kil\u00f3metros cuadrados. Es uno de los parques de tierras bajas subtropicales m\u00e1s importantes de Nepal. Ha sido incluido en la lista de Patrimonio de la Humanidad en 1984 AD.<\/p>\n<h3>Sagarmatha Parque National<\/h3>\n<p>El Parque Nacional de Sagarmatha es el parque nacional m\u00e1s alto del mundo, ubicado por encima de los 3.000 metros (9.700 pies). Este parque fue establecido en 1975 AD. El pico m\u00e1s alto del mundo, el monte Everest (Sagarmatha) y otros picos importantes se encuentran en esta regi\u00f3n. El parque fue creado el 19 de julio de 1976 y fue inscrito como Patrimonio Natural de la Humanidad en 1979, por su &#8220;belleza natural superlativa y de gran importancia est\u00e9tica&#8221;.<\/p>\n","protected":false},"excerpt":{"rendered":"<p>Emplazamientos naturales y culturales de especial inter\u00e9s Nepal es un peque\u00f1o y monta\u00f1oso pa\u00eds sin salida al mar. Aunque tiene un \u00e1rea de 147,181 kil\u00f3metros cuadrados, Nepal tiene declarados por la UNESCO (Organizaci\u00f3n de las Naciones Unidas para la Educaci\u00f3n, la Ciencia y la Cultura) 10 lugares como &#8216;Patrimonio de la Humanidad&#8217;. Hay 830 ubicaciones [&hellip;]<\/p>\n","protected":false},"author":1,"featured_media":219,"parent":0,"menu_order":0,"comment_status":"closed","ping_status":"closed","template":"","meta":{"footnotes":""},"class_list":["post-417","page","type-page","status-publish","has-post-thumbnail","hentry"],"_links":{"self":[{"href":"https:\/\/www.shangrilavoyages.com\/es\/wp-json\/wp\/v2\/pages\/417","targetHints":{"allow":["GET"]}}],"collection":[{"href":"https:\/\/www.shangrilavoyages.com\/es\/wp-json\/wp\/v2\/pages"}],"about":[{"href":"https:\/\/www.shangrilavoyages.com\/es\/wp-json\/wp\/v2\/types\/page"}],"author":[{"embeddable":true,"href":"https:\/\/www.shangrilavoyages.com\/es\/wp-json\/wp\/v2\/users\/1"}],"replies":[{"embeddable":true,"href":"https:\/\/www.shangrilavoyages.com\/es\/wp-json\/wp\/v2\/comments?post=417"}],"version-history":[{"count":76,"href":"https:\/\/www.shangrilavoyages.com\/es\/wp-json\/wp\/v2\/pages\/417\/revisions"}],"predecessor-version":[{"id":2950,"href":"https:\/\/www.shangrilavoyages.com\/es\/wp-json\/wp\/v2\/pages\/417\/revisions\/2950"}],"wp:featuredmedia":[{"embeddable":true,"href":"https:\/\/www.shangrilavoyages.com\/es\/wp-json\/wp\/v2\/media\/219"}],"wp:attachment":[{"href":"https:\/\/www.shangrilavoyages.com\/es\/wp-json\/wp\/v2\/media?parent=417"}],"curies":[{"name":"wp","href":"https:\/\/api.w.org\/{rel}","templated":true}]}}