{"id":233,"date":"2022-05-17T08:42:49","date_gmt":"2022-05-17T08:42:49","guid":{"rendered":"https:\/\/www.shangrilavoyages.com\/?page_id=233"},"modified":"2024-05-06T15:40:16","modified_gmt":"2024-05-06T09:55:16","slug":"que-hacer-y-que-no-hacer-en-nepal","status":"publish","type":"page","link":"https:\/\/www.shangrilavoyages.com\/es\/nepal\/que-hacer-y-que-no-hacer-en-nepal\/","title":{"rendered":"\u00bfQu\u00e9 hacer y qu\u00e9 no hacer en Nepal?"},"content":{"rendered":"<p>Nepal, un territorio con una gran diversidad \u00e9tnica y muchas creencias tradicionales, tiene numerosas pr\u00e1cticas culturales que pueden resultar sorprendentes para una persona que visita por primera vez el pa\u00eds. Para disfrutar de vuestra estancia en este entorno del Himalaya, es importante considerar respetuosamente la variedad de aspectos culturales del pa\u00eds. Aqu\u00ed hay una lista de cosas que os pueden ser \u00fatiles.<\/p>\n<ol>\n<li>Antes de entrar en una casa, un templo o un monasterio nepal\u00edes, quitaros los zapatos.<\/li>\n<li>Evitad comer con la mano izquierda. La carne de vaca est\u00e1 estrictamente prohibida entre los hind\u00faes. No ofrezc\u00e1is comida de vuestro plato, ni com\u00e1is de una olla com\u00fan. Evitad tocar con los labios un vaso compartido.<\/li>\n<li>Nunca toqu\u00e9is nada con los pies. Tratad de no pasar por encima o apuntar vuestros pies hacia otra persona, un lugar sagrado o un hogar. Esto se considera una grave descortes\u00eda entre los nepal\u00edes.<\/li>\n<li>Vestiros apropiadamente. Especialmente, las mujeres deb\u00e9is evitar vestiros con prendas de tama\u00f1o peque\u00f1o.<\/li>\n<li>Pedid permiso antes de entrar en un templo hind\u00fa. Muchos templos hind\u00faes no permiten la entrada a los occidentales.<\/li>\n<li>Los objetos, prendas y utensilios de cuero est\u00e1n prohibidos en la mayor\u00eda de los lugares religiosos.<\/li>\n<li>Entre los hind\u00faes, evitad tocar a las mujeres y a los hombres santos; en su lugar, es preferible el saludo tradicional &#8220;Namast\u00e9&#8221;, con las palmas juntas.<\/li>\n<li>Cuando se camina alrededor de los templos o estupas se hace tradicionalmente en el sentido de las agujas del reloj.<\/li>\n<li>No tom\u00e9is fotograf\u00edas sin la autorizaci\u00f3n de la persona que pens\u00e1is fotografiar o que est\u00e1 al cargo del objecto de vuestro inter\u00e9s.<\/li>\n<li>Recordad, cuando una persona mueve la cabeza de izquierda a derecha muchas veces, quiere decir \u201cNO\u201d.<\/li>\n<li>Respetad las costumbres locales.<\/li>\n<li>Usad ambas manos para dar o recibir algo.<\/li>\n<li>Besarse y abrazarse en p\u00fablico, especialmente entre hombres y mujeres, es mal visto socialmente en Nepal.<\/li>\n<\/ol>\n","protected":false},"excerpt":{"rendered":"<p>Nepal, un territorio con una gran diversidad \u00e9tnica y muchas creencias tradicionales, tiene numerosas pr\u00e1cticas culturales que pueden resultar sorprendentes para una persona que visita por primera vez el pa\u00eds. Para disfrutar de vuestra estancia en este entorno del Himalaya, es importante considerar respetuosamente la variedad de aspectos culturales del pa\u00eds. Aqu\u00ed hay una lista [&hellip;]<\/p>\n","protected":false},"author":1,"featured_media":0,"parent":110,"menu_order":0,"comment_status":"closed","ping_status":"closed","template":"template-destinations.php","meta":{"footnotes":""},"class_list":["post-233","page","type-page","status-publish","hentry"],"_links":{"self":[{"href":"https:\/\/www.shangrilavoyages.com\/es\/wp-json\/wp\/v2\/pages\/233","targetHints":{"allow":["GET"]}}],"collection":[{"href":"https:\/\/www.shangrilavoyages.com\/es\/wp-json\/wp\/v2\/pages"}],"about":[{"href":"https:\/\/www.shangrilavoyages.com\/es\/wp-json\/wp\/v2\/types\/page"}],"author":[{"embeddable":true,"href":"https:\/\/www.shangrilavoyages.com\/es\/wp-json\/wp\/v2\/users\/1"}],"replies":[{"embeddable":true,"href":"https:\/\/www.shangrilavoyages.com\/es\/wp-json\/wp\/v2\/comments?post=233"}],"version-history":[{"count":22,"href":"https:\/\/www.shangrilavoyages.com\/es\/wp-json\/wp\/v2\/pages\/233\/revisions"}],"predecessor-version":[{"id":2824,"href":"https:\/\/www.shangrilavoyages.com\/es\/wp-json\/wp\/v2\/pages\/233\/revisions\/2824"}],"up":[{"embeddable":true,"href":"https:\/\/www.shangrilavoyages.com\/es\/wp-json\/wp\/v2\/pages\/110"}],"wp:attachment":[{"href":"https:\/\/www.shangrilavoyages.com\/es\/wp-json\/wp\/v2\/media?parent=233"}],"curies":[{"name":"wp","href":"https:\/\/api.w.org\/{rel}","templated":true}]}}