{"id":1812,"date":"2023-02-13T18:27:10","date_gmt":"2023-02-13T12:42:10","guid":{"rendered":"https:\/\/www.shangrilavoyages.com\/es\/?page_id=1812"},"modified":"2023-11-23T16:57:49","modified_gmt":"2023-11-23T11:12:49","slug":"ruta-budista","status":"publish","type":"page","link":"https:\/\/www.shangrilavoyages.com\/es\/ruta-budista\/","title":{"rendered":"Ruta Budista"},"content":{"rendered":"<p>El budismo es la segunda religi\u00f3n principal en Nepal. El budismo en Nepal\u00a0comenz\u00f3 a extenderse desde el reinado de\u00a0Ashoka\u00a0a trav\u00e9s de misioneros indios y tibetanos. Los Kiratas fueron las primeras personas en Nepal que abrazaron las ense\u00f1anzas de Gautama Buddha, seguidas por los Licchavis y Newar. Buda naci\u00f3 en Lumbini en el Reino de Shakya. Se considera que Lumbini se encuentra en el actual distrito de Rupandehi, zona de Lumbini en Nepal.<\/p>\n<p>Nepal, el lugar de nacimiento de Buda, es considerado como el destino principal del budismo por diversos emplazamientos hist\u00f3ricamente muy significativos, as\u00ed como por la estupas budistas sagradas, los gompas, los chortens y los monasterios. El sendero del circuito budista es una peregrinaci\u00f3n que recorre los sitios hist\u00f3ricos budistas de Nepal y que incluye Boudhanath, Swayambhunath, Namo Buda y Lumbini (el lugar de nacimiento de Buda). El recorrido cubre la mayor\u00eda de los sitios declarados Patrimonio Mundial de la UNESCO en Nepal; eso es realmente muy relevante tanto para los devotos hind\u00faes como para los budistas. No ha sido posible asignar con certeza el a\u00f1o en que naci\u00f3 el pr\u00edncipe Siddhartha, el nombre de nacimiento de Buda; generalmente se sit\u00faa alrededor del 563 AD.<\/p>\n<p>Explorar los sitios budistas de Nepal os ofrece aprender m\u00e1s sobre el budismo en Nepal. La principal atracci\u00f3n del circuito budista es visitar Lumbini, por su importancia hist\u00f3rica. Lumbini es el hogar del fundador del budismo, Gautama Buda. Muchos devotos y turistas de todo el mundo visitan Lumbini en busca de paz. Este recorrido no\u00a0 pretende solamente visitar lugares hermosos, sino tambi\u00e9n la exploraci\u00f3n cultural del budismo. En Lumbini, encontrar\u00e9is el Templo Maya Devi, en cuyo interior podr\u00e9is ver la &#8220;piedra marcadora&#8221;, el lugar exacto donde Buda pis\u00f3 el pie por primera vez -seg\u00fan las creencias-, el \u00e1rbol sagrado de Bodhi, estanques y monasterios antiguos, y la columna Ashoka erigida en el siglo III por el emperador Ashok, como muestra de respeto en su visita al lugar de nacimiento del Buda. All\u00ed podr\u00e9is ver los devotos procedentes de diferentes pa\u00edses cantando y meditando.<\/p>\n<p>Los viajeros podr\u00e9is experimentar en este recorrido una experiencia religiosa \u00fanica, una relajaci\u00f3n personal. Los visitantes que ya han conocido Lumbini afirman que el recorrido les ha mostrado la importancia de la paz interior, la compasi\u00f3n, la meditaci\u00f3n y un determinado estilo de vida.<\/p>\n<p>Si realmente est\u00e1is buscando un recorrido tranquilo por algunos de los lugares hermosos e hist\u00f3ricos de Nepal en relaci\u00f3n con el budismo, el camino del circuito budista ser\u00e1 una opci\u00f3n ideal para vosotros. As\u00ed, sin necesidad de tener que planificar una excursi\u00f3n de muchos d\u00edas, podr\u00e9is recorrer los emplazamientos budistas m\u00e1s relevantes en Nepal.<\/p>\n","protected":false},"excerpt":{"rendered":"<p>El budismo es la segunda religi\u00f3n principal en Nepal. El budismo en Nepal\u00a0comenz\u00f3 a extenderse desde el reinado de\u00a0Ashoka\u00a0a trav\u00e9s de misioneros indios y tibetanos. Los Kiratas fueron las primeras personas en Nepal que abrazaron las ense\u00f1anzas de Gautama Buddha, seguidas por los Licchavis y Newar. Buda naci\u00f3 en Lumbini en el Reino de Shakya. [&hellip;]<\/p>\n","protected":false},"author":1,"featured_media":1798,"parent":0,"menu_order":0,"comment_status":"closed","ping_status":"closed","template":"template-destinations.php","meta":{"footnotes":""},"class_list":["post-1812","page","type-page","status-publish","has-post-thumbnail","hentry"],"_links":{"self":[{"href":"https:\/\/www.shangrilavoyages.com\/es\/wp-json\/wp\/v2\/pages\/1812","targetHints":{"allow":["GET"]}}],"collection":[{"href":"https:\/\/www.shangrilavoyages.com\/es\/wp-json\/wp\/v2\/pages"}],"about":[{"href":"https:\/\/www.shangrilavoyages.com\/es\/wp-json\/wp\/v2\/types\/page"}],"author":[{"embeddable":true,"href":"https:\/\/www.shangrilavoyages.com\/es\/wp-json\/wp\/v2\/users\/1"}],"replies":[{"embeddable":true,"href":"https:\/\/www.shangrilavoyages.com\/es\/wp-json\/wp\/v2\/comments?post=1812"}],"version-history":[{"count":11,"href":"https:\/\/www.shangrilavoyages.com\/es\/wp-json\/wp\/v2\/pages\/1812\/revisions"}],"predecessor-version":[{"id":3039,"href":"https:\/\/www.shangrilavoyages.com\/es\/wp-json\/wp\/v2\/pages\/1812\/revisions\/3039"}],"wp:featuredmedia":[{"embeddable":true,"href":"https:\/\/www.shangrilavoyages.com\/es\/wp-json\/wp\/v2\/media\/1798"}],"wp:attachment":[{"href":"https:\/\/www.shangrilavoyages.com\/es\/wp-json\/wp\/v2\/media?parent=1812"}],"curies":[{"name":"wp","href":"https:\/\/api.w.org\/{rel}","templated":true}]}}