{"id":157,"date":"2022-05-10T04:34:01","date_gmt":"2022-05-10T04:34:01","guid":{"rendered":"http:\/\/localhost\/shangrila\/?page_id=157"},"modified":"2023-11-21T22:27:13","modified_gmt":"2023-11-21T16:42:13","slug":"about-us","status":"publish","type":"page","link":"https:\/\/www.shangrilavoyages.com\/es\/about-us\/","title":{"rendered":"Sobre nosotros"},"content":{"rendered":"<p>Somos una empresa de viajes vers\u00e1til que organiza itinerarios tur\u00edsticos por todo el mundo, especialmente en<em> <strong>Nepal, T\u00edbet, But\u00e1n y el noreste de la India<\/strong><\/em>. Nuestro equipo est\u00e1 formado por especialistas que nos permiten ofreceros el mejor alojamiento, los mejores gu\u00edas y excursiones adaptadas a vuestros gustos y presupuesto. Desde un inicio, en nuestra empresa nos hemos propuesto ofrecer experiencias de viaje excepcionales. Queremos que nuestros hu\u00e9spedes disfruten de la belleza natural y cultural de nuestros destinos porque creemos que viajar debe ser estimulante y debe brindar a los viajeros el conocimiento aut\u00e9ntico del lugar visitado. Si bien contamos con un excelente equipo de expertos y la pasi\u00f3n por crear viajes, nuestra fortaleza siempre ha sido nuestra obsesi\u00f3n por la calidad. Nuestros equipos locales incluyen gu\u00edas, conductores, personal administrativo y contactos en la comunidad local que nos ayudan a garantizar que nuestras aventuras sean activas y participativas. Tambi\u00e9n tenemos el firme prop\u00f3sito de reducir el impacto adverso de los viajes en nuestro entorno y en la sociedad, y nos aseguramos de que la visita de nuestros hu\u00e9spedes tenga un efecto positivo sobre el lugar de destino.<\/p>\n<p>El tama\u00f1o de nuestro grupo es lo suficientemente peque\u00f1o para evitar tener un impacto negativo sobre los sitios visitados y las personas que los habitan, pero con una dimensi\u00f3n suficiente para pasar un buen rato con otros viajeros de todo el mundo. Porque, gracias a los expertos que trabajan dentro y fuera de cada ubicaci\u00f3n, podr\u00e9is acceder a destinos que os permitir\u00e1n comprender y disfrutar de vivencias que posiblemente otros viajeros no tendr\u00e1n. No queremos caer en una rutina desestimulante y despersonalizada en la programaci\u00f3n de viajes. Vuestro alojamiento y transporte est\u00e1n bien organizados. Los hoteles en los pueblos y ciudades est\u00e1n bien ubicados, tienen instalaciones privadas y, en los tr\u00f3picos, tienen aire acondicionado y, en la mayor\u00eda de ocasiones, piscina. Utilizamos los mejores veh\u00edculos para trayectos largos o cortos. Creemos en los viajes responsables y observamos pautas operativas estrictas. Trabajamos constantemente para refinar nuestros procedimientos operativos y nuestra dedicaci\u00f3n a vuestra seguridad y protecci\u00f3n. Nos esforzamos continuamente en estandarizar nuestros servicios. Y ello explica el \u00e9xito de nuestra prol\u00edfica experiencia en la organizaci\u00f3n y gesti\u00f3n de viajes. Aunque nuestros l\u00edderes de viajes\/excursiones est\u00e1n bien capacitados en el manejo de crisis, creemos que la mejor atenci\u00f3n se basa en la prevenci\u00f3n. No perdemos de vista la dimensi\u00f3n divertida de las relaciones humanas porque apostamos por la sinceridad y la proximidad m\u00e1s que por un trato fr\u00edo, convencional y distante.<\/p>\n<p>&#8220;Desde un principio, hemos puesto especial atenci\u00f3n en llevarles a los lugares m\u00e1s hermosos y significativos. Creemos que todas las experiencias de viaje deben convertirse en buenos recuerdos. En <em><strong>Shangri-La Voyages<\/strong><\/em> obtenemos todos los suministros localmente y un alto porcentaje de nuestro personal proviene de los mismos entornos que visitamos. Somos, por tanto, un equipo humano aut\u00f3ctono, un equipo \u201cde proximidad\u201d. La implantaci\u00f3n local de nuestra actividad garantiza que nuestros viajes se realicen de manera responsable y respetuosa con el entorno y con las comunidades que lo habitan.&#8221;<\/p>\n","protected":false},"excerpt":{"rendered":"<p>Somos una empresa de viajes vers\u00e1til que organiza itinerarios tur\u00edsticos por todo el mundo, especialmente en Nepal, T\u00edbet, But\u00e1n y el noreste de la India. Nuestro equipo est\u00e1 formado por especialistas que nos permiten ofreceros el mejor alojamiento, los mejores gu\u00edas y excursiones adaptadas a vuestros gustos y presupuesto. Desde un inicio, en nuestra empresa [&hellip;]<\/p>\n","protected":false},"author":1,"featured_media":53,"parent":0,"menu_order":0,"comment_status":"closed","ping_status":"closed","template":"template-about.php","meta":{"footnotes":""},"class_list":["post-157","page","type-page","status-publish","has-post-thumbnail","hentry"],"_links":{"self":[{"href":"https:\/\/www.shangrilavoyages.com\/es\/wp-json\/wp\/v2\/pages\/157","targetHints":{"allow":["GET"]}}],"collection":[{"href":"https:\/\/www.shangrilavoyages.com\/es\/wp-json\/wp\/v2\/pages"}],"about":[{"href":"https:\/\/www.shangrilavoyages.com\/es\/wp-json\/wp\/v2\/types\/page"}],"author":[{"embeddable":true,"href":"https:\/\/www.shangrilavoyages.com\/es\/wp-json\/wp\/v2\/users\/1"}],"replies":[{"embeddable":true,"href":"https:\/\/www.shangrilavoyages.com\/es\/wp-json\/wp\/v2\/comments?post=157"}],"version-history":[{"count":8,"href":"https:\/\/www.shangrilavoyages.com\/es\/wp-json\/wp\/v2\/pages\/157\/revisions"}],"predecessor-version":[{"id":2961,"href":"https:\/\/www.shangrilavoyages.com\/es\/wp-json\/wp\/v2\/pages\/157\/revisions\/2961"}],"wp:featuredmedia":[{"embeddable":true,"href":"https:\/\/www.shangrilavoyages.com\/es\/wp-json\/wp\/v2\/media\/53"}],"wp:attachment":[{"href":"https:\/\/www.shangrilavoyages.com\/es\/wp-json\/wp\/v2\/media?parent=157"}],"curies":[{"name":"wp","href":"https:\/\/api.w.org\/{rel}","templated":true}]}}