{"id":1363,"date":"2022-08-29T09:39:05","date_gmt":"2022-08-29T09:39:05","guid":{"rendered":"https:\/\/www.shangrilavoyages.com\/es\/?page_id=1363"},"modified":"2023-11-22T11:14:41","modified_gmt":"2023-11-22T05:29:41","slug":"mensage-del-director","status":"publish","type":"page","link":"https:\/\/www.shangrilavoyages.com\/es\/mensage-del-director\/","title":{"rendered":"Mensaje del Director"},"content":{"rendered":"<p>&nbsp;<\/p>\n<p>Bienvenidas, bienvenidos,<\/p>\n<p>\u00a1Saludos desde el pa\u00eds del Everest!<\/p>\n<p>Somos una empresa que organiza viajes al <strong>Nepal, el T\u00edbet, But\u00e1n y el noreste de la India<\/strong>. Nuestro equipo est\u00e1 formado por especialistas en diversos \u00e1mbitos profesionales, lo cual nos permite ofreceros el mejor alojamiento, los mejores gu\u00edas y la mejor excursi\u00f3n posible, de acuerdo a vuestros gustos y presupuesto. Desde un inicio, hemos puesto especial atenci\u00f3n en llevaros a lugares hermosos y emblem\u00e1ticos. Creemos que todas las experiencias de viaje deben convertirse en buenos recuerdos.<\/p>\n<p>En <em><strong>Shangri-La Voyages<\/strong><\/em>\u00a0obtenemos todos los suministros localmente y un alto porcentaje de nuestro personal proviene de los mismos entornos que visitamos. Somos, por tanto, un equipo humano aut\u00f3ctono, un equipo \u201cde proximidad\u201d. La implantaci\u00f3n local de nuestra actividad garantiza que nuestros viajes se realicen de manera responsable y respetuosa con el entorno y con las comunidades que lo habitan.<\/p>\n<p>Desde<strong> Shangri-La Holidays Pvt. Ltd. <\/strong>os agradeceremos muy sinceramente que nos deis la oportunidad de ofreceros nuestros servicios.<\/p>\n<p>Esperamos mostraros vivamente dicho agradecimiento pr\u00f3ximamente.<\/p>\n<p>Con los mejores deseos,<\/p>\n<p style=\"text-align: left;\"><em>Deepak Khanal.<\/em><br \/>\n<strong>Director general<\/strong><br \/>\n<strong>Shangri-La Voyages, Katmand\u00fa, Nepal<\/strong><\/p>\n","protected":false},"excerpt":{"rendered":"<p>&nbsp; Bienvenidas, bienvenidos, \u00a1Saludos desde el pa\u00eds del Everest! Somos una empresa que organiza viajes al Nepal, el T\u00edbet, But\u00e1n y el noreste de la India. Nuestro equipo est\u00e1 formado por especialistas en diversos \u00e1mbitos profesionales, lo cual nos permite ofreceros el mejor alojamiento, los mejores gu\u00edas y la mejor excursi\u00f3n posible, de acuerdo a [&hellip;]<\/p>\n","protected":false},"author":1,"featured_media":0,"parent":0,"menu_order":0,"comment_status":"closed","ping_status":"closed","template":"","meta":{"footnotes":""},"class_list":["post-1363","page","type-page","status-publish","hentry"],"_links":{"self":[{"href":"https:\/\/www.shangrilavoyages.com\/es\/wp-json\/wp\/v2\/pages\/1363","targetHints":{"allow":["GET"]}}],"collection":[{"href":"https:\/\/www.shangrilavoyages.com\/es\/wp-json\/wp\/v2\/pages"}],"about":[{"href":"https:\/\/www.shangrilavoyages.com\/es\/wp-json\/wp\/v2\/types\/page"}],"author":[{"embeddable":true,"href":"https:\/\/www.shangrilavoyages.com\/es\/wp-json\/wp\/v2\/users\/1"}],"replies":[{"embeddable":true,"href":"https:\/\/www.shangrilavoyages.com\/es\/wp-json\/wp\/v2\/comments?post=1363"}],"version-history":[{"count":19,"href":"https:\/\/www.shangrilavoyages.com\/es\/wp-json\/wp\/v2\/pages\/1363\/revisions"}],"predecessor-version":[{"id":2986,"href":"https:\/\/www.shangrilavoyages.com\/es\/wp-json\/wp\/v2\/pages\/1363\/revisions\/2986"}],"wp:attachment":[{"href":"https:\/\/www.shangrilavoyages.com\/es\/wp-json\/wp\/v2\/media?parent=1363"}],"curies":[{"name":"wp","href":"https:\/\/api.w.org\/{rel}","templated":true}]}}