{"id":122,"date":"2022-05-06T06:57:48","date_gmt":"2022-05-06T06:57:48","guid":{"rendered":"http:\/\/localhost\/shangrila\/?page_id=122"},"modified":"2023-11-23T17:13:47","modified_gmt":"2023-11-23T11:28:47","slug":"tibet","status":"publish","type":"page","link":"https:\/\/www.shangrilavoyages.com\/es\/tibet\/","title":{"rendered":"Tibet"},"content":{"rendered":"<p>La palabra T\u00edbet se refiere realmente a <em>Shangri-La<\/em>, la tierra prohibida y sagrada en la intimidad del deseo. Cuando la gente se refiere al T\u00edbet, a menudo lo describen como el techo del mundo. Debido a su gran altitud, el T\u00edbet es una tierra de nieves y un lugar misterioso por explorar. Monta\u00f1as nevadas y praderas, manadas dispersas de yak y n\u00f3madas en la meseta, monasterios espectaculares y sonrisas sencillas, un lago tranquilo y un cielo azul transparente&#8230;, todo se puede ver en esta tierra m\u00e1gica. El T\u00edbet es una provincia de maravillas naturales, un tesoro de reliquias culturales y un destino de aventura muy atractivo.<\/p>\n<p>Durante siglos, este misterioso reino budista, encerrado en su fortaleza monta\u00f1osa del Himalaya, ha ejercido un dominio \u00fanico sobre la imaginaci\u00f3n de Occidente. Para exploradores, imperialistas y comerciantes era una tierra prohibida de tesoros y riquezas. Los so\u00f1adores de una b\u00fasqueda espiritual han elucubrado durante mucho tiempo acerca de un <em>Shangri-La<\/em> perdido, inmerso en magia y misterio. Cuando finalmente se abrieron las puertas a las visitas exteriores a mediados de la d\u00e9cada de 1980, el T\u00edbet estaba en ruinas. Entre 1950 y 1970, los chinos se hicieron con el control de la meseta, llevaron al l\u00edder espiritual de los tibetanos, el Dalai Lama, y \u200b\u200ba unos 100.000 de los mejores del T\u00edbet al exilio y desmantelaron sistem\u00e1ticamente la mayor parte del patrimonio cultural e hist\u00f3rico tibetano, todo en nombre de la &#8220;revoluci\u00f3n&#8221;. Durante un tiempo, las im\u00e1genes de Buda fueron reemplazadas por iconos del presidente Mao. Hoy en d\u00eda, los peregrinos tibetanos de todo el pa\u00eds est\u00e1n una vez m\u00e1s susurrando mantras y balanceando sus ruedas de oraci\u00f3n en templos que est\u00e1n cargados con el espeso y embriagador aroma del incienso de enebro y la mantequilla de yak. Se han restaurado monasterios en todo el pa\u00eds, a pesar de las libertades religiosas limitadas. Un paseo por el animado circuito de peregrinaci\u00f3n de Barkhor de Lassa es una prueba suficiente de que los esfuerzos de los chinos comunistas para construir un nuevo techo del mundo se han hundido en la notable e inspiradora fe del pueblo tibetano.<\/p>\n<p><strong>Capital provincial<\/strong>: Lhasa<br \/>\n<strong>\u00c1rea<\/strong>: 1,2 millones de kil\u00f3metros cuadrados.<br \/>\n<strong>Poblaci\u00f3n<\/strong>: aproximadamente 2,3 millones; es un \u00e1rea vasta pero escasamente poblada. Aproximadamente el 90% de la poblaci\u00f3n vive de la agricultura y la ganader\u00eda en los valles del r\u00edo Tsangpo y sus principales afluentes Kyichu y Nuuang-chu. Hay m\u00e1s de diez grupos \u00e9tnicos en el T\u00edbet, incluidos tibetanos, mongoles, nu, drung, moinba, lhoba, hui, naxi, deng y sherpa.<\/p>\n<p>Entre ellos, los tibetanos son los habitantes dominantes del T\u00edbet y representan el 92,2 % de la poblaci\u00f3n local. El grupo \u00e9tnico tibetano de China es famoso por su diligencia, valent\u00eda y larga historia. Tienen su propio idioma y escritura. La mayor\u00eda de ellos son budistas.<br \/>\n<strong>Divisi\u00f3n administrativa<\/strong>: el T\u00edbet est\u00e1 dividido en un municipio y seis prefecturas, siendo Lhasa su municipio y Shigatse, Ngari, Shannan, Chamdo, Nagqu y Nyingchi, las prefecturas. Las principales ciudades y pueblos, como Lhasa, Shigatse, Gyantse y Tsedang, se ubican en el \u00e1rea central y sur.<\/p>\n","protected":false},"excerpt":{"rendered":"<p>La palabra T\u00edbet se refiere realmente a Shangri-La, la tierra prohibida y sagrada en la intimidad del deseo. Cuando la gente se refiere al T\u00edbet, a menudo lo describen como el techo del mundo. Debido a su gran altitud, el T\u00edbet es una tierra de nieves y un lugar misterioso por explorar. Monta\u00f1as nevadas y [&hellip;]<\/p>\n","protected":false},"author":1,"featured_media":1899,"parent":0,"menu_order":0,"comment_status":"closed","ping_status":"closed","template":"template-destinations.php","meta":{"footnotes":""},"class_list":["post-122","page","type-page","status-publish","has-post-thumbnail","hentry"],"_links":{"self":[{"href":"https:\/\/www.shangrilavoyages.com\/es\/wp-json\/wp\/v2\/pages\/122","targetHints":{"allow":["GET"]}}],"collection":[{"href":"https:\/\/www.shangrilavoyages.com\/es\/wp-json\/wp\/v2\/pages"}],"about":[{"href":"https:\/\/www.shangrilavoyages.com\/es\/wp-json\/wp\/v2\/types\/page"}],"author":[{"embeddable":true,"href":"https:\/\/www.shangrilavoyages.com\/es\/wp-json\/wp\/v2\/users\/1"}],"replies":[{"embeddable":true,"href":"https:\/\/www.shangrilavoyages.com\/es\/wp-json\/wp\/v2\/comments?post=122"}],"version-history":[{"count":9,"href":"https:\/\/www.shangrilavoyages.com\/es\/wp-json\/wp\/v2\/pages\/122\/revisions"}],"predecessor-version":[{"id":3049,"href":"https:\/\/www.shangrilavoyages.com\/es\/wp-json\/wp\/v2\/pages\/122\/revisions\/3049"}],"wp:featuredmedia":[{"embeddable":true,"href":"https:\/\/www.shangrilavoyages.com\/es\/wp-json\/wp\/v2\/media\/1899"}],"wp:attachment":[{"href":"https:\/\/www.shangrilavoyages.com\/es\/wp-json\/wp\/v2\/media?parent=122"}],"curies":[{"name":"wp","href":"https:\/\/api.w.org\/{rel}","templated":true}]}}