{"id":119,"date":"2022-05-06T06:57:24","date_gmt":"2022-05-06T06:57:24","guid":{"rendered":"http:\/\/localhost\/shangrila\/?page_id=119"},"modified":"2024-07-01T12:05:06","modified_gmt":"2024-07-01T06:20:06","slug":"bhutan-un-reino-budista","status":"publish","type":"page","link":"https:\/\/www.shangrilavoyages.com\/es\/bhutan-un-reino-budista\/","title":{"rendered":"Bhutan-un reino budista"},"content":{"rendered":"<p><a href=\"https:\/\/en.wikipedia.org\/wiki\/Bhutan\" target=\"_blank\" rel=\"noopener\"><strong>Bhut\u00e1n<\/strong><\/a>, (But\u00e1n) un reino budista en el extremo oriental del Himalaya, es conocido por sus monasterios, fortalezas (o dzongs) y paisajes espectaculares que van desde llanuras subtropicales hasta monta\u00f1as y valles escarpados. En el Alto Himalaya, picos como el Jomolhari de 7.326 m son destinos populares para practicar senderismo. El monasterio de Paro Taktsang (tambi\u00e9n conocido como Nido del Tigre) se aferra a los acantilados sobre el boscoso valle de Paro.<\/p>\n<p>Los or\u00edgenes hist\u00f3ricos de But\u00e1n son oscuros, pero sabemos que un influyente lama del T\u00edbet adquiri\u00f3 el t\u00edtulo de <a href=\"https:\/\/glosarios.servidor-alicante.com\/teosofia\/dharma-raja\" target=\"_blank\" rel=\"noopener\">dharma raja<\/a> hace unos cinco siglos. Doopgein Sheptoon ejerci\u00f3 tanto la autoridad temporal como la espiritual, aunque su sucesor se limit\u00f3 solo al papel espiritual. But\u00e1n estuvo azotado por una serie de guerras civiles cuando los gobernadores de los diversos territorios compitieron por el poder y la hegemon\u00eda. Druk Gyalpo de But\u00e1n, el rey Jigme Dorji Wangchuk, inici\u00f3 un programa para reformar la econom\u00eda del pa\u00eds y su sistema social casi feudal. Se construyeron nuevas carreteras y hospitales, y se estableci\u00f3 un sistema de escuelas seculares como alternativa a los monasterios budistas.<\/p>\n<p>Se permiti\u00f3 la entrada al pa\u00eds a un n\u00famero limitado de turistas a partir de la d\u00e9cada de 1970. En esa misma \u00e9poca, Bhut\u00e1n puso fin oficialmente a su aislamiento pol\u00edtico al unirse a las Naciones Unidas. La transici\u00f3n democr\u00e1tica de But\u00e1n comenz\u00f3 con la abdicaci\u00f3n del rey en 2006 y el traspaso del trono a su hijo. En 2007, las elecciones directas para el Consejo Nacional, la c\u00e1mara alta de un nuevo parlamento bicameral, culminaron el cambio a un sistema democr\u00e1tico. En la d\u00e9cada que sigui\u00f3, tanto la consolidaci\u00f3n democr\u00e1tica como el desarrollo econ\u00f3mico mostraron un crecimiento y un \u00e9xito prometedores. La econom\u00eda tuvo un crecimiento de los m\u00e1s r\u00e1pidos del mundo y la pobreza extrema fue pr\u00e1cticamente erradicada.<\/p>\n<p>\u00a1Bienvenidos al pa\u00eds de la felicidad! &#8211; <a href=\"https:\/\/www.shangrilavoyages.com\/es\/about-us\/\" target=\"_blank\" rel=\"noopener\"><em><strong>Shangri-La Voyages<\/strong><\/em><\/a><\/p>\n","protected":false},"excerpt":{"rendered":"<p>Bhut\u00e1n, (But\u00e1n) un reino budista en el extremo oriental del Himalaya, es conocido por sus monasterios, fortalezas (o dzongs) y paisajes espectaculares que van desde llanuras subtropicales hasta monta\u00f1as y valles escarpados. En el Alto Himalaya, picos como el Jomolhari de 7.326 m son destinos populares para practicar senderismo. El monasterio de Paro Taktsang (tambi\u00e9n [&hellip;]<\/p>\n","protected":false},"author":1,"featured_media":123,"parent":0,"menu_order":0,"comment_status":"closed","ping_status":"closed","template":"template-destinations.php","meta":{"footnotes":""},"class_list":["post-119","page","type-page","status-publish","has-post-thumbnail","hentry"],"_links":{"self":[{"href":"https:\/\/www.shangrilavoyages.com\/es\/wp-json\/wp\/v2\/pages\/119","targetHints":{"allow":["GET"]}}],"collection":[{"href":"https:\/\/www.shangrilavoyages.com\/es\/wp-json\/wp\/v2\/pages"}],"about":[{"href":"https:\/\/www.shangrilavoyages.com\/es\/wp-json\/wp\/v2\/types\/page"}],"author":[{"embeddable":true,"href":"https:\/\/www.shangrilavoyages.com\/es\/wp-json\/wp\/v2\/users\/1"}],"replies":[{"embeddable":true,"href":"https:\/\/www.shangrilavoyages.com\/es\/wp-json\/wp\/v2\/comments?post=119"}],"version-history":[{"count":19,"href":"https:\/\/www.shangrilavoyages.com\/es\/wp-json\/wp\/v2\/pages\/119\/revisions"}],"predecessor-version":[{"id":3268,"href":"https:\/\/www.shangrilavoyages.com\/es\/wp-json\/wp\/v2\/pages\/119\/revisions\/3268"}],"wp:featuredmedia":[{"embeddable":true,"href":"https:\/\/www.shangrilavoyages.com\/es\/wp-json\/wp\/v2\/media\/123"}],"wp:attachment":[{"href":"https:\/\/www.shangrilavoyages.com\/es\/wp-json\/wp\/v2\/media?parent=119"}],"curies":[{"name":"wp","href":"https:\/\/api.w.org\/{rel}","templated":true}]}}