{"id":1157,"date":"2022-07-14T09:08:41","date_gmt":"2022-07-14T09:08:41","guid":{"rendered":"https:\/\/www.shangrilavoyages.com\/es\/?page_id=1157"},"modified":"2023-11-21T16:38:51","modified_gmt":"2023-11-21T10:53:51","slug":"la-altitud-y-temperatura","status":"publish","type":"page","link":"https:\/\/www.shangrilavoyages.com\/es\/la-altitud-y-temperatura\/","title":{"rendered":"La altitud y la temperatura del T\u00edbet"},"content":{"rendered":"<header class=\"entry-header\">\n<h1 class=\"entry-title\">Altitud y temperatura del T\u00edbet<\/h1>\n<\/header>\n<div class=\"entry-content\">\n<h3>Altitud, atm\u00f3sfera, densidad del aire y punto de ebullici\u00f3n<\/h3>\n<table width=\"97%\">\n<tbody>\n<tr>\n<td rowspan=\"2\" width=\"14%\">Altitud(metro)<\/td>\n<td rowspan=\"2\" width=\"14%\">Atmosf\u00e9rico<\/p>\n<p>Presi\u00f3n (mb)<\/td>\n<td rowspan=\"2\" width=\"17%\">Densidad del aire<br \/>\n(g\/)<\/td>\n<td colspan=\"2\" width=\"34%\">Contenido de ox\u00edgeno<\/td>\n<td rowspan=\"2\" width=\"19%\">Punto de ebullici\u00f3n ()<\/td>\n<\/tr>\n<tr>\n<td width=\"17%\">(g\/)<\/td>\n<td width=\"17%\">Comparada con la del nivel del mar (%)<\/td>\n<\/tr>\n<tr>\n<td width=\"14%\">7000<\/td>\n<td width=\"14%\">420<\/td>\n<td width=\"17%\">573<\/td>\n<td width=\"17%\">133<\/td>\n<td width=\"17%\">47<\/td>\n<td width=\"19%\">77<\/td>\n<\/tr>\n<tr>\n<td width=\"14%\">6000<\/td>\n<td width=\"14%\">481<\/td>\n<td width=\"17%\">644<\/td>\n<td width=\"17%\">149<\/td>\n<td width=\"17%\">52<\/td>\n<td width=\"19%\">80<\/td>\n<\/tr>\n<tr>\n<td width=\"14%\">5000<\/td>\n<td width=\"14%\">549<\/td>\n<td width=\"17%\">719<\/td>\n<td width=\"17%\">166<\/td>\n<td width=\"17%\">59<\/td>\n<td width=\"19%\">84<\/td>\n<\/tr>\n<tr>\n<td width=\"14%\">4000<\/td>\n<td width=\"14%\">624<\/td>\n<td width=\"17%\">802<\/td>\n<td width=\"17%\">186<\/td>\n<td width=\"17%\">65<\/td>\n<td width=\"19%\">87<\/td>\n<\/tr>\n<tr>\n<td width=\"14%\">3000<\/td>\n<td width=\"14%\">707<\/td>\n<td width=\"17%\">892<\/td>\n<td width=\"17%\">206<\/td>\n<td width=\"17%\">73<\/td>\n<td width=\"19%\">90<\/td>\n<\/tr>\n<tr>\n<td width=\"14%\">0<\/td>\n<td width=\"14%\">1013.2<\/td>\n<td width=\"17%\">1292<\/td>\n<td width=\"17%\">260<\/td>\n<td width=\"17%\">100<\/td>\n<td width=\"19%\">100<\/td>\n<\/tr>\n<\/tbody>\n<\/table>\n<p>&nbsp;<\/p>\n<h3>Temperatura de 4 Ciudades (Pueblos) de la Regi\u00f3n Aut\u00f3noma del T\u00edbet<\/h3>\n<table width=\"96%\">\n<tbody>\n<tr>\n<td rowspan=\"2\" width=\"26%\">Meses<\/td>\n<td colspan=\"2\" width=\"17%\">Lhasa<\/td>\n<td colspan=\"2\" width=\"17%\">Xigaze<\/td>\n<td colspan=\"2\" width=\"17%\">Zetang<\/td>\n<td colspan=\"2\" width=\"21%\">Nyingchi<\/td>\n<\/tr>\n<tr>\n<td width=\"8%\">H()<\/td>\n<td width=\"8%\">H()<\/td>\n<td width=\"8%\">H()<\/td>\n<td width=\"8%\">H()<\/td>\n<td width=\"8%\">H()<\/td>\n<td width=\"8%\">H()<\/td>\n<td width=\"10%\">H()<\/td>\n<td width=\"10%\">H()<\/td>\n<\/tr>\n<tr>\n<td width=\"26%\">Enero<\/td>\n<td width=\"8%\">6.8<\/td>\n<td width=\"8%\">-10.2<\/td>\n<td width=\"8%\">5.7<\/td>\n<td width=\"8%\">-13.1<\/td>\n<td width=\"8%\">7.6<\/td>\n<td width=\"8%\">-9.0<\/td>\n<td width=\"10%\">7.9<\/td>\n<td width=\"10%\">-5.3<\/td>\n<\/tr>\n<tr>\n<td width=\"26%\">Febrero<\/td>\n<td width=\"8%\">9.2<\/td>\n<td width=\"8%\">-6.9<\/td>\n<td width=\"8%\">8.0<\/td>\n<td width=\"8%\">-9.5<\/td>\n<td width=\"8%\">9.9<\/td>\n<td width=\"8%\">-5.9<\/td>\n<td width=\"10%\">9.8<\/td>\n<td width=\"10%\">-2.7<\/td>\n<\/tr>\n<tr>\n<td width=\"26%\">Marzo<\/td>\n<td width=\"8%\">12.0<\/td>\n<td width=\"8%\">-3.2<\/td>\n<td width=\"8%\">11.0<\/td>\n<td width=\"8%\">-5.4<\/td>\n<td width=\"8%\">12.9<\/td>\n<td width=\"8%\">-2.4<\/td>\n<td width=\"10%\">13.0<\/td>\n<td width=\"10%\">-0.1<\/td>\n<\/tr>\n<tr>\n<td width=\"26%\">Abril<\/td>\n<td width=\"8%\">15.7<\/td>\n<td width=\"8%\">0.9<\/td>\n<td width=\"8%\">15.5<\/td>\n<td width=\"8%\">-0.7<\/td>\n<td width=\"8%\">16.9<\/td>\n<td width=\"8%\">1.3<\/td>\n<td width=\"10%\">16.5<\/td>\n<td width=\"10%\">3.2<\/td>\n<\/tr>\n<tr>\n<td width=\"26%\">Mayo<\/td>\n<td width=\"8%\">19.7<\/td>\n<td width=\"8%\">5.1<\/td>\n<td width=\"8%\">19.5<\/td>\n<td width=\"8%\">3.4<\/td>\n<td width=\"8%\">20.4<\/td>\n<td width=\"8%\">5.2<\/td>\n<td width=\"10%\">18.8<\/td>\n<td width=\"10%\">6.80<\/td>\n<\/tr>\n<tr>\n<td width=\"26%\">Junio<\/td>\n<td width=\"8%\">22.5<\/td>\n<td width=\"8%\">9.2<\/td>\n<td width=\"8%\">22.1<\/td>\n<td width=\"8%\">7.6<\/td>\n<td width=\"8%\">22.9<\/td>\n<td width=\"8%\">8.9<\/td>\n<td width=\"10%\">20.9<\/td>\n<td width=\"10%\">10.0<\/td>\n<\/tr>\n<tr>\n<td width=\"26%\">Julio<\/td>\n<td width=\"8%\">21.7<\/td>\n<td width=\"8%\">9.9<\/td>\n<td width=\"8%\">21.0<\/td>\n<td width=\"8%\">8.7<\/td>\n<td width=\"8%\">22.5<\/td>\n<td width=\"8%\">10.1<\/td>\n<td width=\"10%\">22.1<\/td>\n<td width=\"10%\">11.2<\/td>\n<\/tr>\n<tr>\n<td width=\"26%\">Agosto<\/td>\n<td width=\"8%\">20.7<\/td>\n<td width=\"8%\">9.4<\/td>\n<td width=\"8%\">19.6<\/td>\n<td width=\"8%\">8.0<\/td>\n<td width=\"8%\">21.5<\/td>\n<td width=\"8%\">9.5<\/td>\n<td width=\"10%\">22.1<\/td>\n<td width=\"10%\">10.7<\/td>\n<\/tr>\n<tr>\n<td width=\"26%\">Septiembre<\/td>\n<td width=\"8%\">19.6<\/td>\n<td width=\"8%\">7.6<\/td>\n<td width=\"8%\">18.7<\/td>\n<td width=\"8%\">5.8<\/td>\n<td width=\"8%\">20.5<\/td>\n<td width=\"8%\">7.6<\/td>\n<td width=\"10%\">20.3<\/td>\n<td width=\"10%\">9.2<\/td>\n<\/tr>\n<tr>\n<td width=\"26%\">Octubre<\/td>\n<td width=\"8%\">16.4<\/td>\n<td width=\"8%\">1.4<\/td>\n<td width=\"8%\">15.2<\/td>\n<td width=\"8%\">-1.2<\/td>\n<td width=\"8%\">17.1<\/td>\n<td width=\"8%\">1.8<\/td>\n<td width=\"10%\">17.2<\/td>\n<td width=\"10%\">4.9<\/td>\n<\/tr>\n<tr>\n<td width=\"26%\">Noviembre<\/td>\n<td width=\"8%\">11.6<\/td>\n<td width=\"8%\">-5.0<\/td>\n<td width=\"8%\">10.7<\/td>\n<td width=\"8%\">-8.0<\/td>\n<td width=\"8%\">12.4<\/td>\n<td width=\"8%\">-4.1<\/td>\n<td width=\"10%\">12.9<\/td>\n<td width=\"10%\">-0.7<\/td>\n<\/tr>\n<tr>\n<td width=\"26%\">Diciembre<\/td>\n<td width=\"8%\">7.7<\/td>\n<td width=\"8%\">-9.1<\/td>\n<td width=\"8%\">7.0<\/td>\n<td width=\"8%\">-12.3<\/td>\n<td width=\"8%\">8.7<\/td>\n<td width=\"8%\">-7.9<\/td>\n<td width=\"10%\">9.6<\/td>\n<td width=\"10%\">-4.5<\/td>\n<\/tr>\n<tr>\n<td width=\"26%\">Temperatura media<\/td>\n<td width=\"8%\">15.3<\/td>\n<td width=\"8%\">0.8<\/td>\n<td width=\"8%\">14.5<\/td>\n<td width=\"8%\">-1.4<\/td>\n<td width=\"8%\">15.5<\/td>\n<td width=\"8%\">1.3<\/td>\n<td width=\"10%\">15.9<\/td>\n<td width=\"10%\">3.6<\/td>\n<\/tr>\n<\/tbody>\n<\/table>\n<\/div>\n","protected":false},"excerpt":{"rendered":"<p>Altitud y temperatura del T\u00edbet Altitud, atm\u00f3sfera, densidad del aire y punto de ebullici\u00f3n Altitud(metro) Atmosf\u00e9rico Presi\u00f3n (mb) Densidad del aire (g\/) Contenido de ox\u00edgeno Punto de ebullici\u00f3n () (g\/) Comparada con la del nivel del mar (%) 7000 420 573 133 47 77 6000 481 644 149 52 80 5000 549 719 166 59 [&hellip;]<\/p>\n","protected":false},"author":1,"featured_media":0,"parent":0,"menu_order":0,"comment_status":"closed","ping_status":"closed","template":"","meta":{"footnotes":""},"class_list":["post-1157","page","type-page","status-publish","hentry"],"_links":{"self":[{"href":"https:\/\/www.shangrilavoyages.com\/es\/wp-json\/wp\/v2\/pages\/1157","targetHints":{"allow":["GET"]}}],"collection":[{"href":"https:\/\/www.shangrilavoyages.com\/es\/wp-json\/wp\/v2\/pages"}],"about":[{"href":"https:\/\/www.shangrilavoyages.com\/es\/wp-json\/wp\/v2\/types\/page"}],"author":[{"embeddable":true,"href":"https:\/\/www.shangrilavoyages.com\/es\/wp-json\/wp\/v2\/users\/1"}],"replies":[{"embeddable":true,"href":"https:\/\/www.shangrilavoyages.com\/es\/wp-json\/wp\/v2\/comments?post=1157"}],"version-history":[{"count":8,"href":"https:\/\/www.shangrilavoyages.com\/es\/wp-json\/wp\/v2\/pages\/1157\/revisions"}],"predecessor-version":[{"id":2943,"href":"https:\/\/www.shangrilavoyages.com\/es\/wp-json\/wp\/v2\/pages\/1157\/revisions\/2943"}],"wp:attachment":[{"href":"https:\/\/www.shangrilavoyages.com\/es\/wp-json\/wp\/v2\/media?parent=1157"}],"curies":[{"name":"wp","href":"https:\/\/api.w.org\/{rel}","templated":true}]}}