{"id":1155,"date":"2022-07-14T08:52:04","date_gmt":"2022-07-14T08:52:04","guid":{"rendered":"https:\/\/www.shangrilavoyages.com\/es\/?page_id=1155"},"modified":"2023-11-21T12:00:24","modified_gmt":"2023-11-21T06:15:24","slug":"informacion-general-sobre-el-tibet","status":"publish","type":"page","link":"https:\/\/www.shangrilavoyages.com\/es\/informacion-general-sobre-el-tibet\/","title":{"rendered":"Informaci\u00f3n general sobre el T\u00edbet"},"content":{"rendered":"<p><strong>Visado y procedimiento de entrada<\/strong><br \/>\nLas gestiones para la obtenci\u00f3n del visado y el procedimiento de entrada al T\u00edbet pueden estar sujetos a cambios y, en cualquier caso, var\u00edan seg\u00fan si se inicia el viaje desde Katmand\u00fa o desde la China. Si lo inici\u00e1is desde Katmand\u00fa, necesitar\u00e9is un visado de entrada m\u00faltiple para Nepal, que se puede obtener en el consulado del Nepal m\u00e1s cercano a vuestra residencia habitual o al llegar al Nepal.<\/p>\n<p>Para visitar el T\u00edbet organizamos un visado de grupo; para hacer esta gesti\u00f3n necesitamos una copia de vuestro pasaporte al menos 45 d\u00edas antes del comienzo de vuestro viaje, adem\u00e1s de vuestro pasaporte original 4 d\u00edas antes de los d\u00edas de emisi\u00f3n del visado. Debido a la gran demanda de asientos en los vuelos, tenemos que reservar\/confirmar los asientos del avi\u00f3n antes de 3 o 4 meses y, despu\u00e9s de obtener la confirmaci\u00f3n, debemos emitir los billetes a\u00e9reos de inmediato, es decir, dentro de 2 o 3 d\u00edas, ya que el l\u00edmite de tiempo para la adquisici\u00f3n de los billetes una vez hecha la reserva de los asientos es muy corto. El descuido en la emisi\u00f3n de los billetes a\u00e9reos dentro del margen de tiempo establecido significa que salimos del sistema de la compa\u00f1\u00eda a\u00e9rea y tenemos que reiniciar desde cero la reserva de los asientos del avi\u00f3n.<\/p>\n<p>Si entr\u00e1is en el T\u00edbet a trav\u00e9s de China continental, deb\u00e9is obtener un visado chino desde vuestro pa\u00eds de origen. La regulaci\u00f3n de visados en el T\u00edbet est\u00e1 en constante reformulaci\u00f3n; pedidnos la informaci\u00f3n m\u00e1s reciente sobre el visado del T\u00edbet.<\/p>\n<p><strong>Gu\u00eda y alojamiento<\/strong><br \/>\nA lo largo de vuestra estancia en el T\u00edbet os acompa\u00f1ar\u00e1 un gu\u00eda tibetano experto que no solo actuar\u00e1 como int\u00e9rprete, sino que tambi\u00e9n os brindar\u00e1 una valiosa visi\u00f3n del estilo de vida tibetano.<\/p>\n<p>En Lhasa, el alojamiento tendr\u00e1 las caracter\u00edsticas acordes a vuestra elecci\u00f3n de hoteles. En el resto de la ruta, el alojamiento ser\u00e1 en los mejores hoteles disponibles. Las comidas tendr\u00e1n lugar en el hotel o en un restaurante de vuestra elecci\u00f3n. Mientras est\u00e9is en ruta, el almuerzo se efectuar\u00e1 en una de las muchas tiendas de t\u00e9 chinas situadas en el camino, que generalmente sirven una variedad de platos de fideos, vegetales y carne, donde sea que est\u00e9n disponibles.<\/p>\n<p><strong>Transporte en el T\u00edbet<\/strong><br \/>\nHoy en d\u00eda las carreteras en el T\u00edbet son bastante buenas y las principales est\u00e1n asfaltadas; para circular por ellas os proporcionaremos una camioneta muy confortable. Estas camionetas son absolutamente fiables y har\u00e1n que el viaje os sea lo m\u00e1s c\u00f3modo posible. En cuanto al <em>trekking<\/em> y escalada habr\u00e1 un cami\u00f3n para el transporte de equipaje y equipos de <em>trekking<\/em>. Conduciremos durante varias horas, deteni\u00e9ndonos en el camino para tomar fotograf\u00edas en lugares de especial inter\u00e9s, antes de hacer una parada para almorzar alrededor del mediod\u00eda. Despu\u00e9s del almuerzo continuaremos nuestro viaje y llegaremos aproximadamente a nuestro destino sobre las 3 o 4 de la tarde.<\/p>\n<p><strong>Mejor \u00e9poca para visitar el T\u00edbet<\/strong><br \/>\nA pesar de la gran altitud de la meseta tibetana, las temperaturas diurnas son bastante suaves. Entre abril y noviembre, la temperatura promedio oscila entre 15 y 25 grados cent\u00edgrados y los cielos son generalmente despejados y azules. De julio a agosto puede haber alg\u00fan chubasco durante el d\u00eda. Las noches, sin embargo, pueden ser muy fr\u00edas y las temperaturas pueden descender por debajo de los 0 grados cent\u00edgrados. Durante el d\u00eda, una camisa ligera o un jersey y pantalones ligeros ser\u00e1n adecuados, pero se recomienda un forro polar o una chaqueta de plumas durante las noches.<\/p>\n<p>La mejor \u00e9poca del a\u00f1o para los viajes por tierra en el T\u00edbet es de abril a noviembre.<\/p>\n<p><strong>Seguro de salud<\/strong><br \/>\nLos requisitos de vacunaci\u00f3n cambian con frecuencia, por lo que os sugerimos que consult\u00e9is a vuestro m\u00e9dico al menos 2 meses antes de vuestro viaje. Tambi\u00e9n recomendamos que cada persona lleve consigo un botiqu\u00edn b\u00e1sico de primeros auxilios. La principal consideraci\u00f3n de salud en el T\u00edbet son las enfermedades relacionadas con la altitud o el mal agudo de monta\u00f1a (AMS). Es posible que experiment\u00e9is algunos s\u00edntomas leves inicialmente, como dolor de cabeza, letargo, n\u00e1useas y dificultad para dormir, pero estos deber\u00edan disminuir en unos pocos d\u00edas. En el veh\u00edculo llevamos un suministro de ox\u00edgeno embotellado por si fuera necesario. Tambi\u00e9n llevamos una c\u00e1mara de altitud port\u00e1til (PAC) en todas nuestras caminatas por el T\u00edbet y recorridos por el monte Kailash, en caso de mal de altura.<\/p>\n<p>Los hoteles en Lhasa est\u00e1n equipados con ox\u00edgeno. Siempre hay m\u00e9dicos de guardia disponibles. Y recordamos que en el veh\u00edculo llevamos siempre un suministro de ox\u00edgeno embotellado.\u00a0 Si alguna vez hab\u00e9is sufrido mal de altura o ten\u00e9is problemas card\u00edacos o respiratorios, os recomendamos que consult\u00e9is a vuestro m\u00e9dico acerca de vuestra idoneidad para viajar al T\u00edbet, antes de hacer la reserva del viaje. Cuando vol\u00e9is a Lhasa, os recomendamos que descans\u00e9is por la tarde para facilitar vuestra aclimataci\u00f3n. La edad no es una barrera para disfrutar de un viaje inolvidable al T\u00edbet.<\/p>\n<p>Si ten\u00e9is alguna afecci\u00f3n m\u00e9dica preexistente, consultad a vuestro m\u00e9dico antes de reservar y traed la medicaci\u00f3n adecuada para tal afecci\u00f3n.<\/p>\n<p>En el caso de una enfermedad grave o un siniestro, que no tiene por qu\u00e9 suceder, ser\u00e9is conducidos por v\u00eda terrestre a la frontera m\u00e1s cercana entre Nepal y el T\u00edbet, ya que en el T\u00edbet no se permite volar en helic\u00f3ptero. Dado que sois completamente responsables de todos los gastos incurridos en la evacuaci\u00f3n, aseguraros de que est\u00e9 cubierto por vuestro seguro antes de asignarlo o preved pagar por vuestra cuenta dicho costo una vez de nuevo en\u00a0 Katmand\u00fa.<\/p>\n<p><strong>Entrar en el T\u00edbet<\/strong><br \/>\nNuestros tours y caminatas se basan en la entrada y salida desde Katmand\u00fa. Sin embargo, tambi\u00e9n pod\u00e9is llegar al T\u00edbet desde puntos de China continental, es decir, Beijing, Chengdu, etc.<\/p>\n<p>Air China vuela entre Katmand\u00fa y Lhasa a trav\u00e9s de los imponentes Himalayas. Este vuelo ofrece vistas espectaculares del monte Everest, Makalu y muchos otros gigantes del Himalaya. Todos nuestros viajes, que comienzan volando a Lhasa, se pueden unir desde Katmand\u00fa, Beijing, Hong Kong, Chengdu o Bangkok (v\u00eda Chengdu). En las ciudades mencionadas, os recibir\u00e1n en el aeropuerto y os trasladar\u00e1n a vuestro hotel. Luego tendr\u00e9is la oportunidad de ver los lugares de inter\u00e9s antes de ser trasladados al aeropuerto al d\u00eda siguiente para vuestro vuelo a Lhasa. Se puede organizar un alojamiento adicional en Katmand\u00fa, Beijing, Hong Kong, Bangkok o Chengdu; consultadnos para obtener m\u00e1s detalles.<\/p>\n<p><strong>Ropa y equipo<\/strong><br \/>\n* Chaqueta de plum\u00f3n o camiseta c\u00e1lida de forro polar<br \/>\n* Ropa interior t\u00e9rmica (parte superior e inferior)<br \/>\n* Camisas de algod\u00f3n (manga corta y larga)<br \/>\n* Pantalones c\u00e1lidos y de algod\u00f3n<br \/>\n* Lentes de sol polarizados<br \/>\n* <em>Beanie<\/em> o gorro de lana y guantes<br \/>\n* Bufanda (para protegerse del polvo y del fr\u00edo)<br \/>\n* Sandalias y <em>Flip Flops<\/em><br \/>\n* Toalla<br \/>\n* Saco de dormir (para camping\/<em>trekking<\/em>)<br \/>\n* Chubasquero<br \/>\n* Crema solar fuerte y protector labial<br \/>\n* Alg\u00fan producto hidratante<br \/>\n* Botella de agua<br \/>\n* C\u00e1mara (tarjetas de memoria de repuesto y bater\u00edas de repuesto)<\/p>\n","protected":false},"excerpt":{"rendered":"<p>Visado y procedimiento de entrada Las gestiones para la obtenci\u00f3n del visado y el procedimiento de entrada al T\u00edbet pueden estar sujetos a cambios y, en cualquier caso, var\u00edan seg\u00fan si se inicia el viaje desde Katmand\u00fa o desde la China. Si lo inici\u00e1is desde Katmand\u00fa, necesitar\u00e9is un visado de entrada m\u00faltiple para Nepal, que [&hellip;]<\/p>\n","protected":false},"author":1,"featured_media":0,"parent":0,"menu_order":0,"comment_status":"closed","ping_status":"closed","template":"","meta":{"footnotes":""},"class_list":["post-1155","page","type-page","status-publish","hentry"],"_links":{"self":[{"href":"https:\/\/www.shangrilavoyages.com\/es\/wp-json\/wp\/v2\/pages\/1155","targetHints":{"allow":["GET"]}}],"collection":[{"href":"https:\/\/www.shangrilavoyages.com\/es\/wp-json\/wp\/v2\/pages"}],"about":[{"href":"https:\/\/www.shangrilavoyages.com\/es\/wp-json\/wp\/v2\/types\/page"}],"author":[{"embeddable":true,"href":"https:\/\/www.shangrilavoyages.com\/es\/wp-json\/wp\/v2\/users\/1"}],"replies":[{"embeddable":true,"href":"https:\/\/www.shangrilavoyages.com\/es\/wp-json\/wp\/v2\/comments?post=1155"}],"version-history":[{"count":24,"href":"https:\/\/www.shangrilavoyages.com\/es\/wp-json\/wp\/v2\/pages\/1155\/revisions"}],"predecessor-version":[{"id":2917,"href":"https:\/\/www.shangrilavoyages.com\/es\/wp-json\/wp\/v2\/pages\/1155\/revisions\/2917"}],"wp:attachment":[{"href":"https:\/\/www.shangrilavoyages.com\/es\/wp-json\/wp\/v2\/media?parent=1155"}],"curies":[{"name":"wp","href":"https:\/\/api.w.org\/{rel}","templated":true}]}}