{"id":110,"date":"2022-05-06T06:56:55","date_gmt":"2022-05-06T06:56:55","guid":{"rendered":"http:\/\/localhost\/shangrila\/?page_id=110"},"modified":"2024-01-29T15:12:50","modified_gmt":"2024-01-29T09:27:50","slug":"nepal","status":"publish","type":"page","link":"https:\/\/www.shangrilavoyages.com\/es\/nepal\/","title":{"rendered":"Nepal"},"content":{"rendered":"<p>Nepal, pa\u00eds de Asia, se extiende a lo largo de las laderas del sur de las cadenas monta\u00f1osas del Himalaya. Es un pa\u00eds sin salida al mar, ubicado entre la India al este, sur y oeste, y la Regi\u00f3n Aut\u00f3noma del T\u00edbet &#8211; China &#8211; al norte. Su territorio se extiende aproximadamente a lo largo de 500 millas (800 kil\u00f3metros) de este a oeste y de 90 a 150 millas (145- 241 km) de norte a sur. La capital es Katmand\u00fa.<\/p>\n<p>Nepal, que estuvo gobernado durante mucho tiempo por primeros ministros hereditarios que practiban una pol\u00edtica de aislamiento, permaneci\u00f3 cerrado al mundo exterior hasta que una revuelta palaciega en 1950 restaur\u00f3 la autoridad de la corona en 1951; el pa\u00eds ingres\u00f3 como miembro de las Naciones Unidas en 1955. En 1991 el reino estableci\u00f3 un sistema parlamentario multipartidista. Sin embargo, en 2008, despu\u00e9s de una d\u00e9cada de violencia y negociaciones turbulentas con una fuerte insurgencia mao\u00edsta, se disolvi\u00f3 la monarqu\u00eda y se declar\u00f3 en Nepal una rep\u00fablica democr\u00e1tica.<\/p>\n<p>Atrapado entre dos gigantes, la India y China, Nepal busca mantener un equilibrio entre los dos pa\u00edses en su pol\u00edtica exterior y, por lo tanto, permanecer independiente. Un factor que contribuye enormemente a la importancia geopol\u00edtica del pa\u00eds es el hecho de que un Nepal fuerte puede negar a China el acceso a la rica llanura del Ganges; Nepal marca as\u00ed el l\u00edmite sur de la esfera china al norte del Himalaya, en Asia.<\/p>\n<p>Nepal contiene algunos de los terrenos monta\u00f1osos m\u00e1s accidentados y dif\u00edciles del mundo. Aproximadamente el 75 por ciento del pa\u00eds est\u00e1 cubierto por monta\u00f1as.Desde un punto de vista geogr\u00e1fico, en Nepal se pueden distingir cuatro accidentes relevantes que cruzan el pa\u00eds de este a oeste a modo de cinturones. Estos son, primero, el Tarai, una tierra baja, llana y f\u00e9rtil adyacente a la frontera con La India; en segundo lugar, las estribaciones boscosas de Churia y la zona interior de Tarai; estas estribaciones se elevan desde la llanura de Tarai hasta la escarpada cordillera de Mah\u0101bh\u0101rat; tercero, la regi\u00f3n de media monta\u00f1a entre la Cordillera Mah\u0101bh\u0101rat y el Gran Himalaya; y, cuarto, la Gran Cordillera del Himalaya, que se eleva a m\u00e1s de 29.000 pies (unos 8.850 metros).<\/p>\n<p>El Tarai forma la extensi\u00f3n norte de la llanura del Ganges y var\u00eda en ancho desde cerca de 16 millas a m\u00e1s de 20, estrech\u00e1ndose considerablemente en varios lugares. Un cintur\u00f3n de 10 millas de ancho de ricas tierras agr\u00edcolas se extiende a lo largo de la parte sur del Tarai; la secci\u00f3n norte, contigua a las estribaciones, es una regi\u00f3n pantanosa en la que abundan los animales salvajes y la malaria es end\u00e9mica.<\/p>\n<p>La Cordillera de Churia, que est\u00e1 escasamente poblada, se eleva en escarpas casi perpendiculares a una altitud de m\u00e1s de 4.000 pies. Entre la Cordillera Churia al sur y la Cordillera Mah\u0101bh\u0101rat al norte, hay amplias cuencas de 2.000 a 3.000 pies de altura, alrededor de 10 millas de ancho y de 20 a 40 millas de largo; estas cuencas a menudo se denominan Tarai Interior. En muchos lugares han sido talados los bosques y pastos de sabana para obtener madera y \u00e1reas de cultivo.<\/p>\n<p>La Gran Cordillera del Himalaya, que var\u00eda en elevaci\u00f3n desde 14.000 a m\u00e1s de 29.000 pies, contiene muchos de los picos m\u00e1s altos del mundo: Everest, K\u0101nchenjunga I, Lhotse I, Mak\u0101lu I, Cho Oyu, Dhaul\u0101giri I, Man\u0101slu I y Annap\u016brna I, todos\u00a0 ellos por encima de 26.400 pies. Salvo asentamientos dispersos en valles de alta monta\u00f1a, toda esta zona est\u00e1 deshabitada. El valle de Katmand\u00fa, el centro pol\u00edtico y cultural de la naci\u00f3n, es drenado por el r\u00edo B\u0101ghmati, que fluye hacia el sur, ba\u00f1a los escalones del templo sagrado de Pa\u015bupatin\u0101tha (Pashupatinath) y sale del valle a trav\u00e9s del profundo desfiladero de Chhobar. Algunas capas arenosas de los lechos lacustres act\u00faan como acu\u00edferos (estratos de roca permeable, arena o grava que contienen agua), y en el valle de Katmand\u00fa surgen manantiales donde afloran las arenas. El agua de manantial a menudo brota de bocas de piedra con forma de drag\u00f3n hechas por los nepal\u00edes; luego se recolecta en tanques para beber y lavar, y tambi\u00e9n para cultivar viveros de arroz en mayo, antes del monz\u00f3n. Drenado por el r\u00edo Seti, el valle de Pokhar\u0101, 96 millas al oeste de Katmand\u00fa, es tambi\u00e9n una cuenca lacustre plana. Hay algunos lagos remanentes en la cuenca de Pokhar\u0101, el m\u00e1s grande es el lago Phewa, que tiene unas dos millas de largo y casi una milla de ancho. Al norte de la cuenca se encuentra el macizo Annap\u016brna de la Gran Cordillera del Himalaya.<\/p>\n<p>El clima de Nepal, influenciado por la elevaci\u00f3n as\u00ed como por su ubicaci\u00f3n en una latitud subtropical, var\u00eda desde condiciones monz\u00f3nicas subtropicales en el Tarai, pasando por un clima templado c\u00e1lido entre 4.000 i 7.000 pies en la regi\u00f3n de media monta\u00f1a, hasta condiciones templadas fr\u00edas en la regi\u00f3n m\u00e1s alta &#8211; con monta\u00f1as de entre 7.000 y 11.000 pies- a un clima alpino en altitudes entre 1.000 y 16.000 pies a lo largo de las laderas m\u00e1s bajas de las monta\u00f1as del Himalaya. En altitudes superiores a los 16.000 pies, la temperatura siempre est\u00e1 por debajo del punto de congelaci\u00f3n y la superficie est\u00e1 cubierta por nieve y hielo.<\/p>\n<p>En el valle de Katmand\u00fa, las temperaturas medias oscilan entre 50 \u00b0F (10 \u00b0C) en enero y 78 \u00b0F (26 \u00b0C) en julio, y las temperaturas m\u00e1s bajas y m\u00e1s altas registradas han sido de 27 \u00b0F y 99 \u00b0F (-3 \u00b0C y 37\u00b0C). La precipitaci\u00f3n media anual es de unas 55 pulgadas (1.396mm), la mayor parte de las lluvias caen en el per\u00edodo de junio a septiembre. En Pokhar\u0101, la temperatura var\u00eda de 40 \u00b0F (4 \u00b0C) en enero a aproximadamente 100 \u00b0F (38 \u00b0C) en junio, justo antes del monz\u00f3n. En invierno, las temperaturas durante el d\u00eda suben a 70\u00b0F (21\u00b0C), creando condiciones agradables, con noches frescas y d\u00edas c\u00e1lidos. Debido a que los vientos c\u00e1lidos del monz\u00f3n que traen lluvia descargan la mayor parte de su humedad cuando se encuentran con la cordillera de Annap\u016brna, las precipitaciones son bastante intensas alrededor de 100 pulgadas (2.538mm) en el valle de Pokhar\u0101.<\/p>\n","protected":false},"excerpt":{"rendered":"<p>Nepal, pa\u00eds de Asia, se extiende a lo largo de las laderas del sur de las cadenas monta\u00f1osas del Himalaya. Es un pa\u00eds sin salida al mar, ubicado entre la India al este, sur y oeste, y la Regi\u00f3n Aut\u00f3noma del T\u00edbet &#8211; China &#8211; al norte. Su territorio se extiende aproximadamente a lo largo [&hellip;]<\/p>\n","protected":false},"author":1,"featured_media":117,"parent":0,"menu_order":0,"comment_status":"closed","ping_status":"closed","template":"template-destinations.php","meta":{"footnotes":""},"class_list":["post-110","page","type-page","status-publish","has-post-thumbnail","hentry"],"_links":{"self":[{"href":"https:\/\/www.shangrilavoyages.com\/es\/wp-json\/wp\/v2\/pages\/110","targetHints":{"allow":["GET"]}}],"collection":[{"href":"https:\/\/www.shangrilavoyages.com\/es\/wp-json\/wp\/v2\/pages"}],"about":[{"href":"https:\/\/www.shangrilavoyages.com\/es\/wp-json\/wp\/v2\/types\/page"}],"author":[{"embeddable":true,"href":"https:\/\/www.shangrilavoyages.com\/es\/wp-json\/wp\/v2\/users\/1"}],"replies":[{"embeddable":true,"href":"https:\/\/www.shangrilavoyages.com\/es\/wp-json\/wp\/v2\/comments?post=110"}],"version-history":[{"count":10,"href":"https:\/\/www.shangrilavoyages.com\/es\/wp-json\/wp\/v2\/pages\/110\/revisions"}],"predecessor-version":[{"id":2988,"href":"https:\/\/www.shangrilavoyages.com\/es\/wp-json\/wp\/v2\/pages\/110\/revisions\/2988"}],"wp:featuredmedia":[{"embeddable":true,"href":"https:\/\/www.shangrilavoyages.com\/es\/wp-json\/wp\/v2\/media\/117"}],"wp:attachment":[{"href":"https:\/\/www.shangrilavoyages.com\/es\/wp-json\/wp\/v2\/media?parent=110"}],"curies":[{"name":"wp","href":"https:\/\/api.w.org\/{rel}","templated":true}]}}