{"id":1097,"date":"2022-07-09T15:07:03","date_gmt":"2022-07-09T15:07:03","guid":{"rendered":"https:\/\/www.shangrilavoyages.com\/es\/?page_id=1097"},"modified":"2023-11-23T16:38:40","modified_gmt":"2023-11-23T10:53:40","slug":"poliza-de-seguros","status":"publish","type":"page","link":"https:\/\/www.shangrilavoyages.com\/es\/poliza-de-seguros\/","title":{"rendered":"P\u00f3lizas de seguros"},"content":{"rendered":"<p>Si bien la caminata no es expl\u00edcitamente peligrosa en s\u00ed misma, es conveniente tener en cuenta los riesgos inherentes a cualquier excursi\u00f3n y contratar una p\u00f3liza de seguro que los cubra.<\/p>\n<p>El seguro es absolutamente necesario para cualquier viajero que haga el recorrido hacia el campamento base del Everest, ya que incluso las lesiones peque\u00f1as, como un esguince de tobillo, pueden crear una pesadilla log\u00edstica que resulte bastante costosa.<\/p>\n<p>Situaciones como la p\u00e9rdida de equipaje se agravan en el Everest, ya que es posible que deb\u00e1is reemplazar piezas vitales del equipo de <em>trekking, <\/em>lo cual resulta mucho m\u00e1s engorroso que sustituir, por ejemplo, algo de ropa interior en un viaje de vacaciones convencional.<\/p>\n<p>Contratar la p\u00f3liza de seguro conveniente que cubra todas las adversidades posibles asociadas al recorrido hacia el campamento base del Everest no es tarea f\u00e1cil, ya que la letra peque\u00f1a de un contrato a menudo puede ocupar demasiadas p\u00e1ginas. Este art\u00edculo ayudar\u00e1 a simplificar la complejidad que genera esta contrataci\u00f3n y detallar\u00e1 las principales consideraciones para cualquier p\u00f3liza de seguro id\u00f3nea para una caminata de estas caracter\u00edsticas.<\/p>\n<p>Al final de este art\u00edculo, proporcionamos una calculadora de cotizaci\u00f3n de seguros de nuestro proveedor de seguros recomendado, Worldnomads.com<\/p>\n<p><strong>Seguro EBC Trek De Altitud<br \/>\n<\/strong>La mayor diferencia en la compra de un seguro de viaje para el recorrido hacia el campamento base del Everest en comparaci\u00f3n con otras vacaciones es la altitud. En el punto m\u00e1s alto de la caminata, se encontrar\u00e1 a m\u00e1s de 5.500 m sobre el nivel del mar, mientras que la mayor\u00eda de las p\u00f3lizas de seguro de viaje cubren solo hasta 3.000 m.<\/p>\n<p>La raz\u00f3n de esto es el riesgo que representa el mal agudo de monta\u00f1a y otras enfermedades relacionadas con la altura. Estos pueden evitarse practicando t\u00e9cnicas de aclimataci\u00f3n adecuadas y dando tiempo para que vuestro cuerpo se acostumbre a altitudes m\u00e1s altas de lo normal.<\/p>\n<p>Si se experimentan s\u00edntomas y no mejoran r\u00e1pidamente, el descenso es la \u00fanica opci\u00f3n. Esto puede ocurrir a lomo de mula o mediante evacuaci\u00f3n m\u00e9dica en helic\u00f3ptero. Si vuestro seguro cubre hasta 6.000 m, estar\u00e9is cubiertos durante todo el recorrido de la caminata y no tendr\u00e9is que preocuparos por los costos exorbitantes de evacuaci\u00f3n o asistencia m\u00e9dica.<\/p>\n<p><strong>Seguro EBC Trek de Accidentes<br \/>\n<\/strong>Al igual que con cualquier viaje de monta\u00f1a, los accidentes siguen siendo poco comunes, pero nunca son completamente inevitables. Una vez m\u00e1s, la lejan\u00eda y la gran altitud pueden complicar una lesi\u00f3n menor, lo que significa que tirar de un m\u00fasculo o cortarse con una roca puede volverse grave r\u00e1pidamente.<\/p>\n<p>Al ser la ruta m\u00e1s popular de la regi\u00f3n, suele haber gente cerca y alg\u00fan botiqu\u00edn de primeros auxilios; si a\u00fan no ten\u00e9is el vuestro, habr\u00e1 otro no demasiado lejos.<\/p>\n<p>Sin embargo, vuestra p\u00f3liza de seguro a\u00fan debe cubrir la posibilidad de evacuaci\u00f3n en helic\u00f3ptero en caso de lesiones graves o mal de altura. Deb\u00e9is verificar que esto est\u00e9 incluido en la parte superior de la cobertura de hospitalizaci\u00f3n est\u00e1ndar.<\/p>\n<p><strong>Tened en cuenta<br \/>\n<\/strong>Si plane\u00e1is emprender una expedici\u00f3n m\u00e1s seria en la regi\u00f3n, como escalar Lobuche East e Island Peak como parte de vuestro viaje al campamento base del Everest, entonces no estar\u00e9is cubiertos por las p\u00f3lizas de seguro est\u00e1ndar del recorrido al campamento base del Everest, ya que ambos picos superan los 6.000 m y requieren cuerdas y crampones para escalar. Aseguraros de comprobar vuestro itinerario y, si se trata de rutas no est\u00e1ndar o monta\u00f1ismo, deber\u00e9is poneros en contacto con la asociaci\u00f3n local de monta\u00f1ismo de vuestro pa\u00eds para obtener asesoramiento sobre un seguro de monta\u00f1ismo adecuado.<\/p>\n<p><strong>Seguro EBC Trek de enfermedades<br \/>\n<\/strong>Es un hecho bien conocido que los est\u00e1ndares de higiene en Nepal no corresponden al nivel de los pa\u00edses occidentales, por lo que querr\u00e9is verificar que vuestra p\u00f3liza cubra la hospitalizaci\u00f3n en caso de que os afecte una situaci\u00f3n no prevista, como un ataque grave de diarrea, por ejemplo.<\/p>\n<p>Por la misma raz\u00f3n, es conveniente vacunarse en vuestro pa\u00eds de origen con antelaci\u00f3n suficiente al inicio del viaje para hacer frente a todas aquellas enfermedades que se consideren potencialmente asociadas al territorio de destino.<\/p>\n<p><strong>Seguro EBC Trek de Vuelos y Equipaje<br \/>\n<\/strong>Hoy en d\u00eda, el seguro de viaje siempre cubre el equipaje perdido o robado, pero generalmente solo hasta cierto valor. Como llevar\u00e9is un equipo bastante costoso e imprescindible, como botas de monta\u00f1a, sacos de dormir y chaquetas t\u00e9rmicas, deb\u00e9is consultar con el proveedor de seguros qu\u00e9 cobertura os ofrece en este sentido.<\/p>\n<p>Un buen consejo cuando viaj\u00e9is al campamento base del Everest es llevar todos vuestros art\u00edculos valiosos y el equipo de <em>trekking<\/em> imprescindible en vuestro equipaje de mano. Adem\u00e1s, aseguraros de calzar vuestras botas. Si hay un percance con vuestras maletas, pod\u00e9is reemplazar los art\u00edculos m\u00e1s baratos y seguir adelante con la caminata.<\/p>\n<p><strong>Seguro EBC Trek de Cobertura general<br \/>\n<\/strong>La mayor\u00eda de las p\u00f3lizas cubrir\u00e1n los vuelos cancelados hacia y desde Katmand\u00fa, pero debido a que la caminata implica un vuelo nacional a Lukla, deb\u00e9is consultar con vuestro proveedor de p\u00f3liza si cubre la cancelaci\u00f3n de esos vuelos adem\u00e1s de los internacionales. Si hab\u00e9is reservado con un operador tur\u00edstico, el vuelo interno se incluir\u00e1 en el precio total del viaje y, por lo tanto, deber\u00eda estar cubierto si se cancela el viaje.<\/p>\n<p><strong>Recomendaci\u00f3n de Seguro EBC Trek<br \/>\n<\/strong>El \u00fanico proveedor de p\u00f3lizas que destaca por encima de los dem\u00e1s en seguros de viajes de aventura es Worldnomads.com. Ofrecen un seguro a buen precio que cubre la mayor\u00eda de las consideraciones enumeradas y cubrir\u00e1 caminatas de hasta 6.000 m. Son muy profesionales y os ayudar\u00e1n si ten\u00e9is alguna consulta por hacer. Utilizad la calculadora de cotizaciones a continuaci\u00f3n para comprar un seguro para vuestro viaje al campamento base del Everest.<\/p>\n","protected":false},"excerpt":{"rendered":"<p>Si bien la caminata no es expl\u00edcitamente peligrosa en s\u00ed misma, es conveniente tener en cuenta los riesgos inherentes a cualquier excursi\u00f3n y contratar una p\u00f3liza de seguro que los cubra. El seguro es absolutamente necesario para cualquier viajero que haga el recorrido hacia el campamento base del Everest, ya que incluso las lesiones peque\u00f1as, [&hellip;]<\/p>\n","protected":false},"author":1,"featured_media":0,"parent":0,"menu_order":0,"comment_status":"closed","ping_status":"closed","template":"","meta":{"footnotes":""},"class_list":["post-1097","page","type-page","status-publish","hentry"],"_links":{"self":[{"href":"https:\/\/www.shangrilavoyages.com\/es\/wp-json\/wp\/v2\/pages\/1097","targetHints":{"allow":["GET"]}}],"collection":[{"href":"https:\/\/www.shangrilavoyages.com\/es\/wp-json\/wp\/v2\/pages"}],"about":[{"href":"https:\/\/www.shangrilavoyages.com\/es\/wp-json\/wp\/v2\/types\/page"}],"author":[{"embeddable":true,"href":"https:\/\/www.shangrilavoyages.com\/es\/wp-json\/wp\/v2\/users\/1"}],"replies":[{"embeddable":true,"href":"https:\/\/www.shangrilavoyages.com\/es\/wp-json\/wp\/v2\/comments?post=1097"}],"version-history":[{"count":19,"href":"https:\/\/www.shangrilavoyages.com\/es\/wp-json\/wp\/v2\/pages\/1097\/revisions"}],"predecessor-version":[{"id":3034,"href":"https:\/\/www.shangrilavoyages.com\/es\/wp-json\/wp\/v2\/pages\/1097\/revisions\/3034"}],"wp:attachment":[{"href":"https:\/\/www.shangrilavoyages.com\/es\/wp-json\/wp\/v2\/media?parent=1097"}],"curies":[{"name":"wp","href":"https:\/\/api.w.org\/{rel}","templated":true}]}}