{"id":1029,"date":"2022-07-03T08:05:23","date_gmt":"2022-07-03T08:05:23","guid":{"rendered":"https:\/\/www.shangrilavoyages.com\/es\/?page_id=1029"},"modified":"2023-11-16T19:41:09","modified_gmt":"2023-11-16T13:56:09","slug":"enciclopedia-del-himalaya","status":"publish","type":"page","link":"https:\/\/www.shangrilavoyages.com\/es\/enciclopedia-del-himalaya\/","title":{"rendered":"Enciclopedia del Himalaya"},"content":{"rendered":"<p>Durante miles de a\u00f1os, el Himalaya ha tenido un profundo significado para las personas de todo el mundo en todos los \u00e1mbitos de la vida. Se dice que el Himalaya tiene un encanto ex\u00f3tico que es fascinante, m\u00e1gico, m\u00edstico.<\/p>\n<p>Bordeando la frontera norte del subcontinente indio casi como una barrera infranqueable entre este y la tierra del norte, la cordillera del Himalaya se extiende ininterrumpidamente durante aproximadamente 1.550 millas (2.600 km), comenzando desde el r\u00edo Brahmaputra en el este hasta el r\u00edo Indo en el noroeste. La cordillera tiene m\u00e1s de 200 monta\u00f1as que superan los 7.200 metros de altura, as\u00ed como picos menores que atraviesan pa\u00edses como Nepal, T\u00edbet, India, But\u00e1n y Pakist\u00e1n. El Himalaya se enorgullece de albergar hasta nueve picos de las catorce monta\u00f1as m\u00e1s altas del mundo. Algunos de los picos del Himalaya conocidos, como el monte Everest (8.848 m\/29.035 pies) se encuentran en la frontera entre Nepal y el T\u00edbet; el K2 o el monte Godwin Austen (8.611 m\/28.251 pies), en la frontera entre China, Jammu y Cachemira; el monte Kanchenjunga (8.598 m \/28.209ft), en la frontera Nepal-India; Mt. Makalu (8.481m\/27.824ft) en la frontera Nepal-Tibet; Mt. Dhaulagiri (8.172m\/26.811ft) y Annapurna I (8.091m\/26.545ft) en Nepal; Nanga Parbat (8.125m\/26.657ft ) en el territorio paquistan\u00ed de Jammu y Cachemira; y Nanda Devi (7.817m\/25.645ft) en India.<\/p>\n<p>Desde la antig\u00fcedad, las vastas alturas de los glaciares han atra\u00eddo a las almas en\u00e9rgicas de la India para la peregrinaci\u00f3n y tambi\u00e9n a los viajeros para disfrutar de los diversos atractivos geogr\u00e1ficos, hist\u00f3ricos, naturales y culturales que ofrece el Himalaya, convirtiendo as\u00ed al Himalaya en uno de los destinos tur\u00edsticos m\u00e1s fascinantes y buscados. Los peregrinos de las monta\u00f1as de la India que han atravesado estas majestuosas monta\u00f1as meditando desde tiempos inmemoriales acu\u00f1aron para este gran sistema monta\u00f1oso el nombre s\u00e1nscrito de &#8220;Himalaya&#8221;, de hima, que significa &#8220;nieve&#8221;, y alaya, que significa &#8220;morada&#8221;. El poderoso Himalaya tambi\u00e9n es sagrado para\u00a0 personas de distintas creencias religiosas, ya que lo consideran la morada de los dioses. Muchos de los picos son\u00a0 tenidos como manifestaciones divinas.<\/p>\n<p>El Himalaya alberga muchas especies de animales y plantas, lo cual ha contribuido a aumentar el inter\u00e9s de muchos visitantes. La vegetaci\u00f3n del Himalaya se puede clasificar en cuatro tipos: tropical, subtropical, templada y alpina. Cada una de estas zonas est\u00e1 definida por la elevaci\u00f3n del terreno y el nivel de precipitaciones. El bosque tropical, siempre verde, queda confinado a las estribaciones h\u00famedas del Himalaya oriental y central. Los dipterocarpos de hoja perenne, un grupo de \u00e1rboles de los que se explota la madera y la resina, crecen en diferentes suelos y en laderas de colinas de pendiente variable. Los bamb\u00faes crecen en laderas empinadas. Los robles y los casta\u00f1os se pueden encontrar a una altura de 3.600 pies a 5.700 pies (300 metros a 720 metros). Los alisos tienen su h\u00e1bitat a lo largo de los cursos de agua en las laderas m\u00e1s pronunciadas. A mayor altura, podemos distinguir el bosque de monta\u00f1a, donde se pueden encontrar \u00e1rboles como abetos, pinos y enebros.<\/p>\n<p>Los animales comunes que pueblan las diferentes partes del Himalaya son el leopardo de las nieves, la oveja azul, el ciervo almizclero, los tigres, los elefantes, los jabal\u00edes, los rinocerontes y los cocodrilos. Hay tambi\u00e9n especies de plantas y animales en peligro de extinci\u00f3n. Algunas especies de animales migran a las regiones m\u00e1s bajas del Himalaya durante la temporada de invierno; en cambio, animales como el yak y el nyan se adaptan bien al clima fr\u00edo del norte.<\/p>\n<p>La poblaci\u00f3n del Himalaya es tambi\u00e9n muy diversa; podemos distinguir cuatro grupos \u00e9tnicos: la poblaci\u00f3n indoeuropea, la tibetano-birmana, la austroasi\u00e1tica y la dravidiana-. Las dos primeras est\u00e1n bien presentes en el Himalaya. Su asentamiento en el Himalaya ha sido influenciado por la topograf\u00eda, el patr\u00f3n econ\u00f3mico y las condiciones clim\u00e1ticas. Su distribuci\u00f3n es el resultado de una larga historia de penetraciones de personas de Asia Central e Ir\u00e1n desde el oeste, personas de la India desde el sur y asi\u00e1ticos desde el este y el norte. En Nepal, que constituye el tercio medio del Himalaya, estos grupos se superpusieron y se entremezclaron. Este mestizaje hist\u00f3rico as\u00ed como las etnias distintas que perviven y conviven en las tierras del Himalaya otorgan al territorio una especial riqueza cultural as\u00ed como una suma de tradiciones ancestrales que forman parte de los atractivos que cautivan a los visitantes.<\/p>\n","protected":false},"excerpt":{"rendered":"<p>Durante miles de a\u00f1os, el Himalaya ha tenido un profundo significado para las personas de todo el mundo en todos los \u00e1mbitos de la vida. Se dice que el Himalaya tiene un encanto ex\u00f3tico que es fascinante, m\u00e1gico, m\u00edstico. Bordeando la frontera norte del subcontinente indio casi como una barrera infranqueable entre este y la [&hellip;]<\/p>\n","protected":false},"author":1,"featured_media":0,"parent":0,"menu_order":0,"comment_status":"closed","ping_status":"closed","template":"","meta":{"footnotes":""},"class_list":["post-1029","page","type-page","status-publish","hentry"],"_links":{"self":[{"href":"https:\/\/www.shangrilavoyages.com\/es\/wp-json\/wp\/v2\/pages\/1029","targetHints":{"allow":["GET"]}}],"collection":[{"href":"https:\/\/www.shangrilavoyages.com\/es\/wp-json\/wp\/v2\/pages"}],"about":[{"href":"https:\/\/www.shangrilavoyages.com\/es\/wp-json\/wp\/v2\/types\/page"}],"author":[{"embeddable":true,"href":"https:\/\/www.shangrilavoyages.com\/es\/wp-json\/wp\/v2\/users\/1"}],"replies":[{"embeddable":true,"href":"https:\/\/www.shangrilavoyages.com\/es\/wp-json\/wp\/v2\/comments?post=1029"}],"version-history":[{"count":6,"href":"https:\/\/www.shangrilavoyages.com\/es\/wp-json\/wp\/v2\/pages\/1029\/revisions"}],"predecessor-version":[{"id":2831,"href":"https:\/\/www.shangrilavoyages.com\/es\/wp-json\/wp\/v2\/pages\/1029\/revisions\/2831"}],"wp:attachment":[{"href":"https:\/\/www.shangrilavoyages.com\/es\/wp-json\/wp\/v2\/media?parent=1029"}],"curies":[{"name":"wp","href":"https:\/\/api.w.org\/{rel}","templated":true}]}}